{"id":391912,"date":"2026-03-08T04:44:02","date_gmt":"2026-03-08T03:44:02","guid":{"rendered":"https:\/\/grupotextil.es\/producto\/gorra-trucker-camuflaje\/"},"modified":"2026-03-08T04:44:02","modified_gmt":"2026-03-08T03:44:02","slug":"gorra-trucker-camuflaje","status":"publish","type":"product","link":"https:\/\/grupotextil.es\/ca\/product\/gorra-trucker-camuflaje\/","title":{"rendered":"Cap Trucker Camuflaje"},"content":{"rendered":"<ul>\n<li>205 g\/m\u00b2<\/li>\n<li>60% Algod\u00f3n, 40% Poli\u00e9ster (sarga)<\/li>\n<li>Paneles de malla: 100% Poli\u00e9ster<\/li>\n<li>Forma cl\u00e1sica<\/li>\n<li>5 paneles<\/li>\n<li>Visera con 5 filas de pespuntes<\/li>\n<li>Visera inferior a juego<\/li>\n<li>Visera precurvada<\/li>\n<li>Cierre a presi\u00f3n<\/li>\n<\/ul>","protected":false},"excerpt":{"rendered":"<p>205 g\/m\u00b260% Algod\u00f3n, 40% Poli\u00e9ster (sarga)Paneles de malla: 100% Poli\u00e9sterForma cl\u00e1sica5 panelesVisera con 5 filas de pespuntesVisera inferior a juegoVisera precurvadaCierre a presi\u00f3n<\/p>","protected":false},"featured_media":422880,"comment_status":"open","ping_status":"closed","template":"","meta":{"_acf_changed":false},"product_brand":[11678],"product_cat":[13948,13954],"product_tag":[],"class_list":{"0":"post-391912","1":"product","2":"type-product","3":"status-publish","4":"has-post-thumbnail","6":"product_brand-flexfit","7":"product_cat-accesorios","8":"product_cat-acc-bolsas-y-mochilas","9":"tm-no-options","11":"first","12":"instock","13":"taxable","14":"shipping-taxable","15":"product-type-variable"},"acf":[],"_links":{"self":[{"href":"https:\/\/grupotextil.es\/ca\/wp-json\/wp\/v2\/product\/391912","targetHints":{"allow":["GET"]}}],"collection":[{"href":"https:\/\/grupotextil.es\/ca\/wp-json\/wp\/v2\/product"}],"about":[{"href":"https:\/\/grupotextil.es\/ca\/wp-json\/wp\/v2\/types\/product"}],"replies":[{"embeddable":true,"href":"https:\/\/grupotextil.es\/ca\/wp-json\/wp\/v2\/comments?post=391912"}],"wp:featuredmedia":[{"embeddable":true,"href":"https:\/\/grupotextil.es\/ca\/wp-json\/wp\/v2\/media\/422880"}],"wp:attachment":[{"href":"https:\/\/grupotextil.es\/ca\/wp-json\/wp\/v2\/media?parent=391912"}],"wp:term":[{"taxonomy":"product_brand","embeddable":true,"href":"https:\/\/grupotextil.es\/ca\/wp-json\/wp\/v2\/product_brand?post=391912"},{"taxonomy":"product_cat","embeddable":true,"href":"https:\/\/grupotextil.es\/ca\/wp-json\/wp\/v2\/product_cat?post=391912"},{"taxonomy":"product_tag","embeddable":true,"href":"https:\/\/grupotextil.es\/ca\/wp-json\/wp\/v2\/product_tag?post=391912"}],"curies":[{"name":"wp","href":"https:\/\/api.w.org\/{rel}","templated":true}]}}