{"id":391916,"date":"2026-03-08T04:44:03","date_gmt":"2026-03-08T03:44:03","guid":{"rendered":"https:\/\/grupotextil.es\/producto\/chaleco-pro-universal\/"},"modified":"2026-03-08T04:44:03","modified_gmt":"2026-03-08T03:44:03","slug":"chaleco-pro-universal","status":"publish","type":"product","link":"https:\/\/grupotextil.es\/ca\/product\/chaleco-pro-universal\/","title":{"rendered":"Vest Pro Universal"},"content":{"rendered":"<ul>\n<li>60 g\/m\u00b2<\/li>\n<li>100 % poli\u00e9ster 210T (reciclado)<\/li>\n<li>Forro de tafet\u00e1n<\/li>\n<li>Dise\u00f1o h\u00edbrido t\u00e9rmico y el\u00e1stico<\/li>\n<li>2 bolsillos inferiores con cremallera, 1 bolsillo con cremallera en el pecho<\/li>\n<li>Hecho con materiales reciclados.<\/li>\n<\/ul>","protected":false},"excerpt":{"rendered":"<p>60 g\/m\u00b2100 % poli\u00e9ster 210T (reciclado)Forro de tafet\u00e1nDise\u00f1o h\u00edbrido t\u00e9rmico y el\u00e1stico2 bolsillos inferiores con cremallera, 1 bolsillo con cremallera en el pechoHecho con materiales reciclados.<\/p>","protected":false},"featured_media":422887,"comment_status":"open","ping_status":"closed","template":"","meta":{"_acf_changed":false},"product_brand":[11656],"product_cat":[13948,13954],"product_tag":[14010],"class_list":{"0":"post-391916","1":"product","2":"type-product","3":"status-publish","4":"has-post-thumbnail","6":"product_brand-regatta","7":"product_cat-accesorios","8":"product_cat-acc-bolsas-y-mochilas","9":"product_tag-nuevo-2026","10":"tm-no-options","12":"first","13":"instock","14":"taxable","15":"shipping-taxable","16":"product-type-variable"},"acf":[],"_links":{"self":[{"href":"https:\/\/grupotextil.es\/ca\/wp-json\/wp\/v2\/product\/391916","targetHints":{"allow":["GET"]}}],"collection":[{"href":"https:\/\/grupotextil.es\/ca\/wp-json\/wp\/v2\/product"}],"about":[{"href":"https:\/\/grupotextil.es\/ca\/wp-json\/wp\/v2\/types\/product"}],"replies":[{"embeddable":true,"href":"https:\/\/grupotextil.es\/ca\/wp-json\/wp\/v2\/comments?post=391916"}],"wp:featuredmedia":[{"embeddable":true,"href":"https:\/\/grupotextil.es\/ca\/wp-json\/wp\/v2\/media\/422887"}],"wp:attachment":[{"href":"https:\/\/grupotextil.es\/ca\/wp-json\/wp\/v2\/media?parent=391916"}],"wp:term":[{"taxonomy":"product_brand","embeddable":true,"href":"https:\/\/grupotextil.es\/ca\/wp-json\/wp\/v2\/product_brand?post=391916"},{"taxonomy":"product_cat","embeddable":true,"href":"https:\/\/grupotextil.es\/ca\/wp-json\/wp\/v2\/product_cat?post=391916"},{"taxonomy":"product_tag","embeddable":true,"href":"https:\/\/grupotextil.es\/ca\/wp-json\/wp\/v2\/product_tag?post=391916"}],"curies":[{"name":"wp","href":"https:\/\/api.w.org\/{rel}","templated":true}]}}