{"id":391975,"date":"2026-03-08T04:44:52","date_gmt":"2026-03-08T03:44:52","guid":{"rendered":"https:\/\/grupotextil.es\/producto\/chaqueta-hibrida-de-alta-visibilidad-x-pro\/"},"modified":"2026-03-08T04:44:52","modified_gmt":"2026-03-08T03:44:52","slug":"chaqueta-hibrida-de-alta-visibilidad-x-pro","status":"publish","type":"product","link":"https:\/\/grupotextil.es\/ca\/product\/chaqueta-hibrida-de-alta-visibilidad-x-pro\/","title":{"rendered":"Jacket h\u00edbrida de alta visibilidad X-Pro"},"content":{"rendered":"<ul>\n<li>100 % poli\u00e9ster<\/li>\n<li>Membrana de TPU el\u00e1stica en 4 direcciones (EN20471)<\/li>\n<li>Elasticidad mec\u00e1nica en mangas y paneles laterales<\/li>\n<li>EN ISO 20471 Clase 2<\/li>\n<li>2 bolsillos inferiores y 2 bolsillos en el pecho con cremallera<\/li>\n<li>1 bolsillo interno en el pecho y 1 bolsillo inferior de malla<\/li>\n<li>Tecnolog\u00eda ID reflectante.<\/li>\n<\/ul>","protected":false},"excerpt":{"rendered":"<p>100 % poli\u00e9sterMembrana de TPU el\u00e1stica en 4 direcciones (EN20471)Elasticidad mec\u00e1nica en mangas y paneles lateralesEN ISO 20471 Clase 22 bolsillos inferiores y 2 bolsillos en el pecho con cremalle&#8230;<\/p>","protected":false},"featured_media":422923,"comment_status":"open","ping_status":"closed","template":"","meta":{"_acf_changed":false},"product_brand":[11656],"product_cat":[13948,13954],"product_tag":[14010],"class_list":{"0":"post-391975","1":"product","2":"type-product","3":"status-publish","4":"has-post-thumbnail","6":"product_brand-regatta","7":"product_cat-accesorios","8":"product_cat-acc-bolsas-y-mochilas","9":"product_tag-nuevo-2026","10":"tm-no-options","12":"first","13":"instock","14":"taxable","15":"shipping-taxable","16":"product-type-variable"},"acf":[],"_links":{"self":[{"href":"https:\/\/grupotextil.es\/ca\/wp-json\/wp\/v2\/product\/391975","targetHints":{"allow":["GET"]}}],"collection":[{"href":"https:\/\/grupotextil.es\/ca\/wp-json\/wp\/v2\/product"}],"about":[{"href":"https:\/\/grupotextil.es\/ca\/wp-json\/wp\/v2\/types\/product"}],"replies":[{"embeddable":true,"href":"https:\/\/grupotextil.es\/ca\/wp-json\/wp\/v2\/comments?post=391975"}],"wp:featuredmedia":[{"embeddable":true,"href":"https:\/\/grupotextil.es\/ca\/wp-json\/wp\/v2\/media\/422923"}],"wp:attachment":[{"href":"https:\/\/grupotextil.es\/ca\/wp-json\/wp\/v2\/media?parent=391975"}],"wp:term":[{"taxonomy":"product_brand","embeddable":true,"href":"https:\/\/grupotextil.es\/ca\/wp-json\/wp\/v2\/product_brand?post=391975"},{"taxonomy":"product_cat","embeddable":true,"href":"https:\/\/grupotextil.es\/ca\/wp-json\/wp\/v2\/product_cat?post=391975"},{"taxonomy":"product_tag","embeddable":true,"href":"https:\/\/grupotextil.es\/ca\/wp-json\/wp\/v2\/product_tag?post=391975"}],"curies":[{"name":"wp","href":"https:\/\/api.w.org\/{rel}","templated":true}]}}