{"id":392037,"date":"2026-03-08T04:45:44","date_gmt":"2026-03-08T03:45:44","guid":{"rendered":"https:\/\/grupotextil.es\/producto\/mochila-madison-commuter\/"},"modified":"2026-03-08T04:45:44","modified_gmt":"2026-03-08T03:45:44","slug":"mochila-madison-commuter","status":"publish","type":"product","link":"https:\/\/grupotextil.es\/ca\/product\/mochila-madison-commuter\/","title":{"rendered":"Mochila Madison Commuter"},"content":{"rendered":"<ul>\n<li>100% poli\u00e9ster<\/li>\n<li>Funda para port\u00e1til<\/li>\n<li>Panel trasero acolchado<\/li>\n<li>Correas de hombro de dise\u00f1o ergon\u00f3mico<\/li>\n<li>Correas ajustables<\/li>\n<li>Compatibilidad con maletas con ruedas<\/li>\n<li>Dos bolsillos laterales con cremallera con manga interna de malla<\/li>\n<li>Gran compartimento principal<\/li>\n<li>Bolsillo de organizaci\u00f3n frontal<\/li>\n<li>Capacidad: 35 litros<\/li>\n<li>Medidas: 43 x 35,5 x 23 cm.<\/li>\n<li>Este producto est\u00e1 respaldado por una garant\u00eda de 5 a\u00f1os.<\/li>\n<\/ul>","protected":false},"excerpt":{"rendered":"<p>100% poli\u00e9sterFunda para port\u00e1tilPanel trasero acolchadoCorreas de hombro de dise\u00f1o ergon\u00f3micoCorreas ajustablesCompatibilidad con maletas con ruedasDos bolsillos laterales con cremallera con manga&#8230;<\/p>","protected":false},"featured_media":422974,"comment_status":"open","ping_status":"closed","template":"","meta":{"_acf_changed":false},"product_brand":[11664],"product_cat":[13948,13954],"product_tag":[],"class_list":{"0":"post-392037","1":"product","2":"type-product","3":"status-publish","4":"has-post-thumbnail","6":"product_brand-stormtech","7":"product_cat-accesorios","8":"product_cat-acc-bolsas-y-mochilas","9":"tm-no-options","11":"first","12":"instock","13":"taxable","14":"shipping-taxable","15":"product-type-variable"},"acf":[],"_links":{"self":[{"href":"https:\/\/grupotextil.es\/ca\/wp-json\/wp\/v2\/product\/392037","targetHints":{"allow":["GET"]}}],"collection":[{"href":"https:\/\/grupotextil.es\/ca\/wp-json\/wp\/v2\/product"}],"about":[{"href":"https:\/\/grupotextil.es\/ca\/wp-json\/wp\/v2\/types\/product"}],"replies":[{"embeddable":true,"href":"https:\/\/grupotextil.es\/ca\/wp-json\/wp\/v2\/comments?post=392037"}],"wp:featuredmedia":[{"embeddable":true,"href":"https:\/\/grupotextil.es\/ca\/wp-json\/wp\/v2\/media\/422974"}],"wp:attachment":[{"href":"https:\/\/grupotextil.es\/ca\/wp-json\/wp\/v2\/media?parent=392037"}],"wp:term":[{"taxonomy":"product_brand","embeddable":true,"href":"https:\/\/grupotextil.es\/ca\/wp-json\/wp\/v2\/product_brand?post=392037"},{"taxonomy":"product_cat","embeddable":true,"href":"https:\/\/grupotextil.es\/ca\/wp-json\/wp\/v2\/product_cat?post=392037"},{"taxonomy":"product_tag","embeddable":true,"href":"https:\/\/grupotextil.es\/ca\/wp-json\/wp\/v2\/product_tag?post=392037"}],"curies":[{"name":"wp","href":"https:\/\/api.w.org\/{rel}","templated":true}]}}