{"id":392056,"date":"2026-03-08T04:45:49","date_gmt":"2026-03-08T03:45:49","guid":{"rendered":"https:\/\/grupotextil.es\/producto\/bolsa-de-yute-boutique\/"},"modified":"2026-03-08T04:45:49","modified_gmt":"2026-03-08T03:45:49","slug":"bolsa-de-yute-boutique","status":"publish","type":"product","link":"https:\/\/grupotextil.es\/ca\/product\/bolsa-de-yute-boutique\/","title":{"rendered":"Bag Jute Boutique"},"content":{"rendered":"<ul>\n<li>100% yute, laminado<\/li>\n<li>Asas de mano de algod\u00f3n (65cm)<\/li>\n<li>Se puede llevar en la mano o al hombro<\/li>\n<li>Capacidad: 19 litros<\/li>\n<li>Medidas: 36 x 41 x 17 cm<\/li>\n<li>\u00c1rea personalizaci\u00f3n: 31 x 27 cm<\/li>\n<\/ul>","protected":false},"excerpt":{"rendered":"<p>100% yute, laminadoAsas de mano de algod\u00f3n (65cm)Se puede llevar en la mano o al hombroCapacidad: 19 litrosMedidas: 36 x 41 x 17 cm\u00c1rea personalizaci\u00f3n: 31 x 27 cm<\/p>","protected":false},"featured_media":423001,"comment_status":"open","ping_status":"closed","template":"","meta":{"_acf_changed":false},"product_brand":[11680],"product_cat":[13948,13954],"product_tag":[],"class_list":{"0":"post-392056","1":"product","2":"type-product","3":"status-publish","4":"has-post-thumbnail","6":"product_brand-westford-mill","7":"product_cat-accesorios","8":"product_cat-acc-bolsas-y-mochilas","9":"tm-no-options","11":"first","12":"instock","13":"taxable","14":"shipping-taxable","15":"product-type-variable"},"acf":[],"_links":{"self":[{"href":"https:\/\/grupotextil.es\/ca\/wp-json\/wp\/v2\/product\/392056","targetHints":{"allow":["GET"]}}],"collection":[{"href":"https:\/\/grupotextil.es\/ca\/wp-json\/wp\/v2\/product"}],"about":[{"href":"https:\/\/grupotextil.es\/ca\/wp-json\/wp\/v2\/types\/product"}],"replies":[{"embeddable":true,"href":"https:\/\/grupotextil.es\/ca\/wp-json\/wp\/v2\/comments?post=392056"}],"wp:featuredmedia":[{"embeddable":true,"href":"https:\/\/grupotextil.es\/ca\/wp-json\/wp\/v2\/media\/423001"}],"wp:attachment":[{"href":"https:\/\/grupotextil.es\/ca\/wp-json\/wp\/v2\/media?parent=392056"}],"wp:term":[{"taxonomy":"product_brand","embeddable":true,"href":"https:\/\/grupotextil.es\/ca\/wp-json\/wp\/v2\/product_brand?post=392056"},{"taxonomy":"product_cat","embeddable":true,"href":"https:\/\/grupotextil.es\/ca\/wp-json\/wp\/v2\/product_cat?post=392056"},{"taxonomy":"product_tag","embeddable":true,"href":"https:\/\/grupotextil.es\/ca\/wp-json\/wp\/v2\/product_tag?post=392056"}],"curies":[{"name":"wp","href":"https:\/\/api.w.org\/{rel}","templated":true}]}}