{"id":392085,"date":"2026-03-08T04:45:51","date_gmt":"2026-03-08T03:45:51","guid":{"rendered":"https:\/\/grupotextil.es\/producto\/gorra-de-5-paneles-con-cierre-a-presion\/"},"modified":"2026-03-08T04:45:51","modified_gmt":"2026-03-08T03:45:51","slug":"gorra-de-5-paneles-con-cierre-a-presion","status":"publish","type":"product","link":"https:\/\/grupotextil.es\/ca\/product\/gorra-de-5-paneles-con-cierre-a-presion\/","title":{"rendered":"Cap de 5 Panel con cierre a presi\u00f3n"},"content":{"rendered":"<ul>\n<li>60% Algod\u00f3n, 40% Poli\u00e9ster<\/li>\n<li>Aspecto informal (frente suave)<\/li>\n<li>5 paneles<\/li>\n<li>Visera plana con 4 filas de pespuntes<\/li>\n<li>Visera inferior a juego<\/li>\n<li>Cierre a presi\u00f3n<\/li>\n<\/ul>","protected":false},"excerpt":{"rendered":"<p>60% Algod\u00f3n, 40% Poli\u00e9sterAspecto informal (frente suave)5 panelesVisera plana con 4 filas de pespuntesVisera inferior a juegoCierre a presi\u00f3n<\/p>","protected":false},"featured_media":423026,"comment_status":"open","ping_status":"closed","template":"","meta":{"_acf_changed":false},"product_brand":[11678],"product_cat":[13948,13954],"product_tag":[],"class_list":{"0":"post-392085","1":"product","2":"type-product","3":"status-publish","4":"has-post-thumbnail","6":"product_brand-flexfit","7":"product_cat-accesorios","8":"product_cat-acc-bolsas-y-mochilas","9":"tm-no-options","11":"first","12":"instock","13":"taxable","14":"shipping-taxable","15":"product-type-variable"},"acf":[],"_links":{"self":[{"href":"https:\/\/grupotextil.es\/ca\/wp-json\/wp\/v2\/product\/392085","targetHints":{"allow":["GET"]}}],"collection":[{"href":"https:\/\/grupotextil.es\/ca\/wp-json\/wp\/v2\/product"}],"about":[{"href":"https:\/\/grupotextil.es\/ca\/wp-json\/wp\/v2\/types\/product"}],"replies":[{"embeddable":true,"href":"https:\/\/grupotextil.es\/ca\/wp-json\/wp\/v2\/comments?post=392085"}],"wp:featuredmedia":[{"embeddable":true,"href":"https:\/\/grupotextil.es\/ca\/wp-json\/wp\/v2\/media\/423026"}],"wp:attachment":[{"href":"https:\/\/grupotextil.es\/ca\/wp-json\/wp\/v2\/media?parent=392085"}],"wp:term":[{"taxonomy":"product_brand","embeddable":true,"href":"https:\/\/grupotextil.es\/ca\/wp-json\/wp\/v2\/product_brand?post=392085"},{"taxonomy":"product_cat","embeddable":true,"href":"https:\/\/grupotextil.es\/ca\/wp-json\/wp\/v2\/product_cat?post=392085"},{"taxonomy":"product_tag","embeddable":true,"href":"https:\/\/grupotextil.es\/ca\/wp-json\/wp\/v2\/product_tag?post=392085"}],"curies":[{"name":"wp","href":"https:\/\/api.w.org\/{rel}","templated":true}]}}