{"id":392106,"date":"2026-03-08T04:45:55","date_gmt":"2026-03-08T03:45:55","guid":{"rendered":"https:\/\/grupotextil.es\/producto\/bolsa-algodon-classic\/"},"modified":"2026-03-08T04:45:55","modified_gmt":"2026-03-08T03:45:55","slug":"bolsa-algodon-classic","status":"publish","type":"product","link":"https:\/\/grupotextil.es\/ca\/product\/bolsa-algodon-classic\/","title":{"rendered":"Bag algod\u00f3n Classic"},"content":{"rendered":"<ul>\n<li>407 g\/m\u00b2<\/li>\n<li>100% algod\u00f3n (lona)<\/li>\n<li>Asas: 58 cm<\/li>\n<li>Se puede llevar en la mano o al hombro<\/li>\n<li>Capacidad: 21 Litros<\/li>\n<li>Dimensiones: 39 x 41 x 14 cm<\/li>\n<li>\u00c1rea personalizaci\u00f3n: 35 x 29 cm.<\/li>\n<\/ul>","protected":false},"excerpt":{"rendered":"<p>407 g\/m\u00b2100% algod\u00f3n (lona)Asas: 58 cmSe puede llevar en la mano o al hombroCapacidad: 21 LitrosDimensiones: 39 x 41 x 14 cm\u00c1rea personalizaci\u00f3n: 35 x 29 cm.<\/p>","protected":false},"featured_media":423074,"comment_status":"open","ping_status":"closed","template":"","meta":{"_acf_changed":false},"product_brand":[11680],"product_cat":[13948,13954],"product_tag":[],"class_list":{"0":"post-392106","1":"product","2":"type-product","3":"status-publish","4":"has-post-thumbnail","6":"product_brand-westford-mill","7":"product_cat-accesorios","8":"product_cat-acc-bolsas-y-mochilas","9":"tm-no-options","11":"first","12":"instock","13":"taxable","14":"shipping-taxable","15":"product-type-variable"},"acf":[],"_links":{"self":[{"href":"https:\/\/grupotextil.es\/ca\/wp-json\/wp\/v2\/product\/392106","targetHints":{"allow":["GET"]}}],"collection":[{"href":"https:\/\/grupotextil.es\/ca\/wp-json\/wp\/v2\/product"}],"about":[{"href":"https:\/\/grupotextil.es\/ca\/wp-json\/wp\/v2\/types\/product"}],"replies":[{"embeddable":true,"href":"https:\/\/grupotextil.es\/ca\/wp-json\/wp\/v2\/comments?post=392106"}],"wp:featuredmedia":[{"embeddable":true,"href":"https:\/\/grupotextil.es\/ca\/wp-json\/wp\/v2\/media\/423074"}],"wp:attachment":[{"href":"https:\/\/grupotextil.es\/ca\/wp-json\/wp\/v2\/media?parent=392106"}],"wp:term":[{"taxonomy":"product_brand","embeddable":true,"href":"https:\/\/grupotextil.es\/ca\/wp-json\/wp\/v2\/product_brand?post=392106"},{"taxonomy":"product_cat","embeddable":true,"href":"https:\/\/grupotextil.es\/ca\/wp-json\/wp\/v2\/product_cat?post=392106"},{"taxonomy":"product_tag","embeddable":true,"href":"https:\/\/grupotextil.es\/ca\/wp-json\/wp\/v2\/product_tag?post=392106"}],"curies":[{"name":"wp","href":"https:\/\/api.w.org\/{rel}","templated":true}]}}