{"id":392123,"date":"2026-03-08T04:45:57","date_gmt":"2026-03-08T03:45:57","guid":{"rendered":"https:\/\/grupotextil.es\/producto\/mochila-viaje-clasica-monte-rosa\/"},"modified":"2026-03-08T04:45:57","modified_gmt":"2026-03-08T03:45:57","slug":"mochila-viaje-clasica-monte-rosa","status":"publish","type":"product","link":"https:\/\/grupotextil.es\/ca\/product\/mochila-viaje-clasica-monte-rosa\/","title":{"rendered":"Mochila viaje cl\u00e1sica Monte Rosa"},"content":{"rendered":"<ul>\n<li>100% poli\u00e9ster (600D\/600D ripstop)<\/li>\n<li>Correas acolchadas de hombro ajustables<\/li>\n<li>Asa de mano<\/li>\n<li>Panel trasero acolchado<\/li>\n<li>Compartimento principal con cremallera<\/li>\n<li>Compartimento delantero m\u00e1s peque\u00f1o con cremallera y cord\u00f3n el\u00e1stico<\/li>\n<li>2 bolsillos laterales grandes con cremallera<\/li>\n<li>Cintur\u00f3n y correa para el pecho<\/li>\n<li>Capacidad: 45 litros<\/li>\n<li>Medidas: 34 x 55 x 21 cm<\/li>\n<li>Apropiado para serigraf\u00eda, impresi\u00f3n por transfer y bordado<\/li>\n<li>M\u00e1ximo bordado: aro tubular 9<\/li>\n<li>M\u00e1xima \u00e1rea de impresi\u00f3n: 13 x 9 cm<\/li>\n<\/ul>","protected":false},"excerpt":{"rendered":"<p>100% poli\u00e9ster (600D\/600D ripstop)Correas acolchadas de hombro ajustablesAsa de manoPanel trasero acolchadoCompartimento principal con cremalleraCompartimento delantero m\u00e1s peque\u00f1o con cremallera y co<\/p>","protected":false},"featured_media":423101,"comment_status":"open","ping_status":"closed","template":"","meta":{"_acf_changed":false},"product_brand":[11660],"product_cat":[13948,13954],"product_tag":[],"class_list":{"0":"post-392123","1":"product","2":"type-product","3":"status-publish","4":"has-post-thumbnail","6":"product_brand-shugon","7":"product_cat-accesorios","8":"product_cat-acc-bolsas-y-mochilas","9":"tm-no-options","11":"first","12":"instock","13":"taxable","14":"shipping-taxable","15":"product-type-variable"},"acf":[],"_links":{"self":[{"href":"https:\/\/grupotextil.es\/ca\/wp-json\/wp\/v2\/product\/392123","targetHints":{"allow":["GET"]}}],"collection":[{"href":"https:\/\/grupotextil.es\/ca\/wp-json\/wp\/v2\/product"}],"about":[{"href":"https:\/\/grupotextil.es\/ca\/wp-json\/wp\/v2\/types\/product"}],"replies":[{"embeddable":true,"href":"https:\/\/grupotextil.es\/ca\/wp-json\/wp\/v2\/comments?post=392123"}],"wp:featuredmedia":[{"embeddable":true,"href":"https:\/\/grupotextil.es\/ca\/wp-json\/wp\/v2\/media\/423101"}],"wp:attachment":[{"href":"https:\/\/grupotextil.es\/ca\/wp-json\/wp\/v2\/media?parent=392123"}],"wp:term":[{"taxonomy":"product_brand","embeddable":true,"href":"https:\/\/grupotextil.es\/ca\/wp-json\/wp\/v2\/product_brand?post=392123"},{"taxonomy":"product_cat","embeddable":true,"href":"https:\/\/grupotextil.es\/ca\/wp-json\/wp\/v2\/product_cat?post=392123"},{"taxonomy":"product_tag","embeddable":true,"href":"https:\/\/grupotextil.es\/ca\/wp-json\/wp\/v2\/product_tag?post=392123"}],"curies":[{"name":"wp","href":"https:\/\/api.w.org\/{rel}","templated":true}]}}