{"id":392150,"date":"2026-03-08T04:46:05","date_gmt":"2026-03-08T03:46:05","guid":{"rendered":"https:\/\/grupotextil.es\/producto\/bolsa-con-cordon-ajustable\/"},"modified":"2026-03-08T04:46:05","modified_gmt":"2026-03-08T03:46:05","slug":"bolsa-con-cordon-ajustable","status":"publish","type":"product","link":"https:\/\/grupotextil.es\/ca\/product\/bolsa-con-cordon-ajustable\/","title":{"rendered":"Bag con cord\u00f3n ajustable"},"content":{"rendered":"<ul>\n<li>140 g\/m\u00b2<\/li>\n<li>100% algod\u00f3n<\/li>\n<li>Cord\u00f3n ajustable<\/li>\n<li>Costuras laterales con puntos de remate en el interior<\/li>\n<li>Medidas: 10 x 14 cm<\/li>\n<li>Apropiado para bordado, serigraf\u00eda y transfer (bolsa planchada)<\/li>\n<li>\u00c1rea m\u00e1xima de impresi\u00f3n:7 x 10 cm<\/li>\n<li>Lavado solo a mano con agua tibia<\/li>\n<\/ul>","protected":false},"excerpt":{"rendered":"<p>140 g\/m\u00b2100% algod\u00f3nCord\u00f3n ajustableCosturas laterales con puntos de remate en el interiorMedidas: 10 x 14 cmApropiado para bordado, serigraf\u00eda y transfer (bolsa planchada)\u00c1rea m\u00e1xima de impresi\u00f3n:7 x<\/p>","protected":false},"featured_media":423147,"comment_status":"open","ping_status":"closed","template":"","meta":{"_acf_changed":false},"product_brand":[11681],"product_cat":[13948,13954],"product_tag":[14009],"class_list":{"0":"post-392150","1":"product","2":"type-product","3":"status-publish","4":"has-post-thumbnail","6":"product_brand-sg-accessories-bags","7":"product_cat-accesorios","8":"product_cat-acc-bolsas-y-mochilas","9":"product_tag-top-ventas","10":"tm-no-options","12":"first","13":"instock","14":"taxable","15":"shipping-taxable","16":"product-type-variable"},"acf":[],"_links":{"self":[{"href":"https:\/\/grupotextil.es\/ca\/wp-json\/wp\/v2\/product\/392150","targetHints":{"allow":["GET"]}}],"collection":[{"href":"https:\/\/grupotextil.es\/ca\/wp-json\/wp\/v2\/product"}],"about":[{"href":"https:\/\/grupotextil.es\/ca\/wp-json\/wp\/v2\/types\/product"}],"replies":[{"embeddable":true,"href":"https:\/\/grupotextil.es\/ca\/wp-json\/wp\/v2\/comments?post=392150"}],"wp:featuredmedia":[{"embeddable":true,"href":"https:\/\/grupotextil.es\/ca\/wp-json\/wp\/v2\/media\/423147"}],"wp:attachment":[{"href":"https:\/\/grupotextil.es\/ca\/wp-json\/wp\/v2\/media?parent=392150"}],"wp:term":[{"taxonomy":"product_brand","embeddable":true,"href":"https:\/\/grupotextil.es\/ca\/wp-json\/wp\/v2\/product_brand?post=392150"},{"taxonomy":"product_cat","embeddable":true,"href":"https:\/\/grupotextil.es\/ca\/wp-json\/wp\/v2\/product_cat?post=392150"},{"taxonomy":"product_tag","embeddable":true,"href":"https:\/\/grupotextil.es\/ca\/wp-json\/wp\/v2\/product_tag?post=392150"}],"curies":[{"name":"wp","href":"https:\/\/api.w.org\/{rel}","templated":true}]}}