{"id":392281,"date":"2026-03-08T04:46:19","date_gmt":"2026-03-08T03:46:19","guid":{"rendered":"https:\/\/grupotextil.es\/producto\/mochila-sargasso\/"},"modified":"2026-03-08T04:46:19","modified_gmt":"2026-03-08T03:46:19","slug":"mochila-sargasso","status":"publish","type":"product","link":"https:\/\/grupotextil.es\/ca\/product\/mochila-sargasso\/","title":{"rendered":"Mochila Sargasso"},"content":{"rendered":"<ul>\n<li>100% poli\u00e9ster (recubierto de PVC)<\/li>\n<li>Tela impermeable<\/li>\n<li>Asa de transporte reforzada<\/li>\n<li>Cierre enrollable con correa ajustable<\/li>\n<li>Correas de hombro ergon\u00f3micas ajustables<\/li>\n<li>Acolchado en la espalda con malla transpirable.<\/li>\n<li>Bolsillo interno con cremallera.<\/li>\n<li>Este producto est\u00e1 respaldado por una garant\u00eda de 5 a\u00f1os.<\/li>\n<\/ul>","protected":false},"excerpt":{"rendered":"<p>100% poli\u00e9ster (recubierto de PVC)Tela impermeableAsa de transporte reforzadaCierre enrollable con correa ajustableCorreas de hombro ergon\u00f3micas ajustablesAcolchado en la espalda con malla transpir&#8230;<\/p>","protected":false},"featured_media":423228,"comment_status":"open","ping_status":"closed","template":"","meta":{"_acf_changed":false},"product_brand":[11664],"product_cat":[13954],"product_tag":[],"class_list":{"0":"post-392281","1":"product","2":"type-product","3":"status-publish","4":"has-post-thumbnail","6":"product_brand-stormtech","7":"product_cat-acc-bolsas-y-mochilas","8":"tm-no-options","10":"first","11":"instock","12":"taxable","13":"shipping-taxable","14":"product-type-variable"},"acf":[],"_links":{"self":[{"href":"https:\/\/grupotextil.es\/ca\/wp-json\/wp\/v2\/product\/392281","targetHints":{"allow":["GET"]}}],"collection":[{"href":"https:\/\/grupotextil.es\/ca\/wp-json\/wp\/v2\/product"}],"about":[{"href":"https:\/\/grupotextil.es\/ca\/wp-json\/wp\/v2\/types\/product"}],"replies":[{"embeddable":true,"href":"https:\/\/grupotextil.es\/ca\/wp-json\/wp\/v2\/comments?post=392281"}],"wp:featuredmedia":[{"embeddable":true,"href":"https:\/\/grupotextil.es\/ca\/wp-json\/wp\/v2\/media\/423228"}],"wp:attachment":[{"href":"https:\/\/grupotextil.es\/ca\/wp-json\/wp\/v2\/media?parent=392281"}],"wp:term":[{"taxonomy":"product_brand","embeddable":true,"href":"https:\/\/grupotextil.es\/ca\/wp-json\/wp\/v2\/product_brand?post=392281"},{"taxonomy":"product_cat","embeddable":true,"href":"https:\/\/grupotextil.es\/ca\/wp-json\/wp\/v2\/product_cat?post=392281"},{"taxonomy":"product_tag","embeddable":true,"href":"https:\/\/grupotextil.es\/ca\/wp-json\/wp\/v2\/product_tag?post=392281"}],"curies":[{"name":"wp","href":"https:\/\/api.w.org\/{rel}","templated":true}]}}