{"id":392293,"date":"2026-03-08T04:46:30","date_gmt":"2026-03-08T03:46:30","guid":{"rendered":"https:\/\/grupotextil.es\/producto\/gorro-largo-ecologico-de-alto-gramaje\/"},"modified":"2026-03-08T04:46:30","modified_gmt":"2026-03-08T03:46:30","slug":"gorro-largo-ecologico-de-alto-gramaje","status":"publish","type":"product","link":"https:\/\/grupotextil.es\/ca\/product\/gorro-largo-ecologico-de-alto-gramaje\/","title":{"rendered":"Beanie largo ecol\u00f3gico de alto gramaje"},"content":{"rendered":"<ul>\n<li>104 g\/m\u00b2<\/li>\n<li>100% Algod\u00f3n (Org\u00e1nico)<\/li>\n<li>Estilo pescador<\/li>\n<li>Ajuste largo<\/li>\n<li>Dise\u00f1o con pu\u00f1os.<\/li>\n<\/ul>","protected":false},"excerpt":{"rendered":"<p>104 g\/m\u00b2100% Algod\u00f3n (Org\u00e1nico)Estilo pescadorAjuste largoDise\u00f1o con pu\u00f1os.<\/p>","protected":false},"featured_media":423255,"comment_status":"open","ping_status":"closed","template":"","meta":{"_acf_changed":false},"product_brand":[11678],"product_cat":[13954],"product_tag":[],"class_list":{"0":"post-392293","1":"product","2":"type-product","3":"status-publish","4":"has-post-thumbnail","6":"product_brand-flexfit","7":"product_cat-acc-bolsas-y-mochilas","8":"tm-no-options","10":"first","11":"instock","12":"taxable","13":"shipping-taxable","14":"product-type-variable"},"acf":[],"_links":{"self":[{"href":"https:\/\/grupotextil.es\/ca\/wp-json\/wp\/v2\/product\/392293","targetHints":{"allow":["GET"]}}],"collection":[{"href":"https:\/\/grupotextil.es\/ca\/wp-json\/wp\/v2\/product"}],"about":[{"href":"https:\/\/grupotextil.es\/ca\/wp-json\/wp\/v2\/types\/product"}],"replies":[{"embeddable":true,"href":"https:\/\/grupotextil.es\/ca\/wp-json\/wp\/v2\/comments?post=392293"}],"wp:featuredmedia":[{"embeddable":true,"href":"https:\/\/grupotextil.es\/ca\/wp-json\/wp\/v2\/media\/423255"}],"wp:attachment":[{"href":"https:\/\/grupotextil.es\/ca\/wp-json\/wp\/v2\/media?parent=392293"}],"wp:term":[{"taxonomy":"product_brand","embeddable":true,"href":"https:\/\/grupotextil.es\/ca\/wp-json\/wp\/v2\/product_brand?post=392293"},{"taxonomy":"product_cat","embeddable":true,"href":"https:\/\/grupotextil.es\/ca\/wp-json\/wp\/v2\/product_cat?post=392293"},{"taxonomy":"product_tag","embeddable":true,"href":"https:\/\/grupotextil.es\/ca\/wp-json\/wp\/v2\/product_tag?post=392293"}],"curies":[{"name":"wp","href":"https:\/\/api.w.org\/{rel}","templated":true}]}}