{"id":392299,"date":"2026-03-08T04:46:34","date_gmt":"2026-03-08T03:46:34","guid":{"rendered":"https:\/\/grupotextil.es\/producto\/bolsa-messenger\/"},"modified":"2026-03-08T04:46:34","modified_gmt":"2026-03-08T03:46:34","slug":"bolsa-messenger","status":"publish","type":"product","link":"https:\/\/grupotextil.es\/ca\/product\/bolsa-messenger\/","title":{"rendered":"Bag Messenger"},"content":{"rendered":"<ul>\n<li>70 g\/m\u00b2<\/li>\n<li>100% polyproplylene<\/li>\n<li>Tejido no-tejido<\/li>\n<li>Asas: 110 cm<\/li>\n<li>Dimensiones: 37 x 32 x 9 cm<\/li>\n<li>Capacidad: 10 litros<\/li>\n<li>\u00c1rea decoraci\u00f3n: 30 x 30 cm<\/li>\n<li>Apropiada para serigraf\u00eda<\/li>\n<\/ul>","protected":false},"excerpt":{"rendered":"<p>70 g\/m\u00b2100% polyproplyleneTejido no-tejidoAsas: 110 cmDimensiones: 37 x 32 x 9 cmCapacidad: 10 litros\u00c1rea decoraci\u00f3n: 30 x 30 cmApropiada para serigraf\u00eda<\/p>","protected":false},"featured_media":423279,"comment_status":"open","ping_status":"closed","template":"","meta":{"_acf_changed":false},"product_brand":[11681],"product_cat":[13954],"product_tag":[],"class_list":{"0":"post-392299","1":"product","2":"type-product","3":"status-publish","4":"has-post-thumbnail","6":"product_brand-sg-accessories-bags","7":"product_cat-acc-bolsas-y-mochilas","8":"tm-no-options","10":"first","11":"instock","12":"taxable","13":"shipping-taxable","14":"product-type-variable"},"acf":[],"_links":{"self":[{"href":"https:\/\/grupotextil.es\/ca\/wp-json\/wp\/v2\/product\/392299","targetHints":{"allow":["GET"]}}],"collection":[{"href":"https:\/\/grupotextil.es\/ca\/wp-json\/wp\/v2\/product"}],"about":[{"href":"https:\/\/grupotextil.es\/ca\/wp-json\/wp\/v2\/types\/product"}],"replies":[{"embeddable":true,"href":"https:\/\/grupotextil.es\/ca\/wp-json\/wp\/v2\/comments?post=392299"}],"wp:featuredmedia":[{"embeddable":true,"href":"https:\/\/grupotextil.es\/ca\/wp-json\/wp\/v2\/media\/423279"}],"wp:attachment":[{"href":"https:\/\/grupotextil.es\/ca\/wp-json\/wp\/v2\/media?parent=392299"}],"wp:term":[{"taxonomy":"product_brand","embeddable":true,"href":"https:\/\/grupotextil.es\/ca\/wp-json\/wp\/v2\/product_brand?post=392299"},{"taxonomy":"product_cat","embeddable":true,"href":"https:\/\/grupotextil.es\/ca\/wp-json\/wp\/v2\/product_cat?post=392299"},{"taxonomy":"product_tag","embeddable":true,"href":"https:\/\/grupotextil.es\/ca\/wp-json\/wp\/v2\/product_tag?post=392299"}],"curies":[{"name":"wp","href":"https:\/\/api.w.org\/{rel}","templated":true}]}}