{"id":392386,"date":"2026-03-08T04:46:43","date_gmt":"2026-03-08T03:46:43","guid":{"rendered":"https:\/\/grupotextil.es\/producto\/gorra-flexfit-unipanel\/"},"modified":"2026-03-08T04:46:43","modified_gmt":"2026-03-08T03:46:43","slug":"gorra-flexfit-unipanel","status":"publish","type":"product","link":"https:\/\/grupotextil.es\/ca\/product\/gorra-flexfit-unipanel\/","title":{"rendered":"Cap Flexfit Unipanel\u2122"},"content":{"rendered":"<ul>\n<li>95 % poli\u00e9ster, 5% elastano (\u00f3ptica mixta)<\/li>\n<li>Paneles de malla: 100% poli\u00e9ster<\/li>\n<li>Frente sin costuras<\/li>\n<li>5 paneles<\/li>\n<li>Visera con 8 filas de pespuntes<\/li>\n<li>Visera inferior en color de contraste (Blanco)<\/li>\n<li>Visera precurvada.<\/li>\n<\/ul>","protected":false},"excerpt":{"rendered":"<p>95 % poli\u00e9ster, 5% elastano (\u00f3ptica mixta)Paneles de malla: 100% poli\u00e9sterFrente sin costuras5 panelesVisera con 8 filas de pespuntesVisera inferior en color de contraste (Blanco)Visera precurvada.<\/p>","protected":false},"featured_media":423377,"comment_status":"open","ping_status":"closed","template":"","meta":{"_acf_changed":false},"product_brand":[11678],"product_cat":[13954],"product_tag":[],"class_list":{"0":"post-392386","1":"product","2":"type-product","3":"status-publish","4":"has-post-thumbnail","6":"product_brand-flexfit","7":"product_cat-acc-bolsas-y-mochilas","8":"tm-no-options","10":"first","11":"instock","12":"taxable","13":"shipping-taxable","14":"product-type-variable"},"acf":[],"_links":{"self":[{"href":"https:\/\/grupotextil.es\/ca\/wp-json\/wp\/v2\/product\/392386","targetHints":{"allow":["GET"]}}],"collection":[{"href":"https:\/\/grupotextil.es\/ca\/wp-json\/wp\/v2\/product"}],"about":[{"href":"https:\/\/grupotextil.es\/ca\/wp-json\/wp\/v2\/types\/product"}],"replies":[{"embeddable":true,"href":"https:\/\/grupotextil.es\/ca\/wp-json\/wp\/v2\/comments?post=392386"}],"wp:featuredmedia":[{"embeddable":true,"href":"https:\/\/grupotextil.es\/ca\/wp-json\/wp\/v2\/media\/423377"}],"wp:attachment":[{"href":"https:\/\/grupotextil.es\/ca\/wp-json\/wp\/v2\/media?parent=392386"}],"wp:term":[{"taxonomy":"product_brand","embeddable":true,"href":"https:\/\/grupotextil.es\/ca\/wp-json\/wp\/v2\/product_brand?post=392386"},{"taxonomy":"product_cat","embeddable":true,"href":"https:\/\/grupotextil.es\/ca\/wp-json\/wp\/v2\/product_cat?post=392386"},{"taxonomy":"product_tag","embeddable":true,"href":"https:\/\/grupotextil.es\/ca\/wp-json\/wp\/v2\/product_tag?post=392386"}],"curies":[{"name":"wp","href":"https:\/\/api.w.org\/{rel}","templated":true}]}}