{"id":392430,"date":"2026-03-08T04:46:47","date_gmt":"2026-03-08T03:46:47","guid":{"rendered":"https:\/\/grupotextil.es\/producto\/snapback-rosa\/"},"modified":"2026-03-08T04:46:47","modified_gmt":"2026-03-08T03:46:47","slug":"snapback-rosa","status":"publish","type":"product","link":"https:\/\/grupotextil.es\/ca\/product\/snapback-rosa\/","title":{"rendered":"Snapback Rosa"},"content":{"rendered":"<ul>\n<li>274 g\/m\u00b2<\/li>\n<li>Corona: 80% Poliacr\u00edlico, 20% Lana<\/li>\n<li>Visera: 100% Poli\u00e9ster<\/li>\n<li>Visera y visera interior con estampado<\/li>\n<li>Forma cl\u00e1sica<\/li>\n<li>6 paneles<\/li>\n<li>Visera plana con 6 filas de pespuntes<\/li>\n<li>Cierre a presi\u00f3n<\/li>\n<\/ul>","protected":false},"excerpt":{"rendered":"<p>274 g\/m\u00b2Corona: 80% Poliacr\u00edlico, 20% LanaVisera: 100% Poli\u00e9sterVisera y visera interior con estampadoForma cl\u00e1sica6 panelesVisera plana con 6 filas de pespuntesCierre a presi\u00f3n<\/p>","protected":false},"featured_media":423453,"comment_status":"open","ping_status":"closed","template":"","meta":{"_acf_changed":false},"product_brand":[11678],"product_cat":[13990,13981,13974,13932,13930,13975,13935,13973],"product_tag":[],"class_list":{"0":"post-392430","1":"product","2":"type-product","3":"status-publish","4":"has-post-thumbnail","6":"product_brand-flexfit","7":"product_cat-m-chaquetas-y-abrigos","8":"product_cat-h-chaquetas-y-abrigos","9":"product_cat-ropa-hombre","10":"product_cat-hosteleria-horeca","11":"product_cat-laboral","12":"product_cat-ropa-mujer","13":"product_cat-pantalones-cocina","14":"product_cat-ropa","15":"tm-no-options","17":"first","18":"instock","19":"taxable","20":"shipping-taxable","21":"product-type-variable"},"acf":[],"_links":{"self":[{"href":"https:\/\/grupotextil.es\/ca\/wp-json\/wp\/v2\/product\/392430","targetHints":{"allow":["GET"]}}],"collection":[{"href":"https:\/\/grupotextil.es\/ca\/wp-json\/wp\/v2\/product"}],"about":[{"href":"https:\/\/grupotextil.es\/ca\/wp-json\/wp\/v2\/types\/product"}],"replies":[{"embeddable":true,"href":"https:\/\/grupotextil.es\/ca\/wp-json\/wp\/v2\/comments?post=392430"}],"wp:featuredmedia":[{"embeddable":true,"href":"https:\/\/grupotextil.es\/ca\/wp-json\/wp\/v2\/media\/423453"}],"wp:attachment":[{"href":"https:\/\/grupotextil.es\/ca\/wp-json\/wp\/v2\/media?parent=392430"}],"wp:term":[{"taxonomy":"product_brand","embeddable":true,"href":"https:\/\/grupotextil.es\/ca\/wp-json\/wp\/v2\/product_brand?post=392430"},{"taxonomy":"product_cat","embeddable":true,"href":"https:\/\/grupotextil.es\/ca\/wp-json\/wp\/v2\/product_cat?post=392430"},{"taxonomy":"product_tag","embeddable":true,"href":"https:\/\/grupotextil.es\/ca\/wp-json\/wp\/v2\/product_tag?post=392430"}],"curies":[{"name":"wp","href":"https:\/\/api.w.org\/{rel}","templated":true}]}}