{"id":392437,"date":"2026-03-08T04:46:48","date_gmt":"2026-03-08T03:46:48","guid":{"rendered":"https:\/\/grupotextil.es\/producto\/bolsa-daytona\/"},"modified":"2026-03-08T04:46:48","modified_gmt":"2026-03-08T03:46:48","slug":"bolsa-daytona","status":"publish","type":"product","link":"https:\/\/grupotextil.es\/ca\/product\/bolsa-daytona\/","title":{"rendered":"Bag Daytona"},"content":{"rendered":"<ul>\n<li>100% poli\u00e9ster (ripstop 600D)<\/li>\n<li>Pr\u00e1ctica bolsa de deporte<\/li>\n<li>Bolsillo frontal de f\u00e1cil decoraci\u00f3n<\/li>\n<li>Correa trenzada de hombro ajustable<\/li>\n<li>Asas trenzadas reforzadas con pieza de poli\u00e9ster<\/li>\n<li>Un compartimento principal con dos bolsillos laterales<\/li>\n<li>Tabla en la base del interior<\/li>\n<li>Diversas \u00e1reas para decoraci\u00f3n<\/li>\n<li>Peso: 1005 g<\/li>\n<li>Capacidad: 46 litros<\/li>\n<li>Medidas: 60 x 31 x 27 cm<\/li>\n<li>Bordado m\u00e1ximo: aro tubular 10<\/li>\n<li>\u00c1rea de decoraci\u00f3n: 19 x 11 cm<\/li>\n<li>Adecuada para serigraf\u00eda, impresi\u00f3n transfer y bordado<\/li>\n<\/ul>","protected":false},"excerpt":{"rendered":"<p>100% poli\u00e9ster (ripstop 600D)Pr\u00e1ctica bolsa de deporteBolsillo frontal de f\u00e1cil decoraci\u00f3nCorrea trenzada de hombro ajustableAsas trenzadas reforzadas con pieza de poli\u00e9sterUn compartimento principal<\/p>","protected":false},"featured_media":423471,"comment_status":"open","ping_status":"closed","template":"","meta":{"_acf_changed":false},"product_brand":[11660],"product_cat":[13981,13990,13974,13932,13930,13975,13935,13973],"product_tag":[],"class_list":{"0":"post-392437","1":"product","2":"type-product","3":"status-publish","4":"has-post-thumbnail","6":"product_brand-shugon","7":"product_cat-h-chaquetas-y-abrigos","8":"product_cat-m-chaquetas-y-abrigos","9":"product_cat-ropa-hombre","10":"product_cat-hosteleria-horeca","11":"product_cat-laboral","12":"product_cat-ropa-mujer","13":"product_cat-pantalones-cocina","14":"product_cat-ropa","15":"tm-no-options","17":"first","18":"instock","19":"taxable","20":"shipping-taxable","21":"product-type-variable"},"acf":[],"_links":{"self":[{"href":"https:\/\/grupotextil.es\/ca\/wp-json\/wp\/v2\/product\/392437","targetHints":{"allow":["GET"]}}],"collection":[{"href":"https:\/\/grupotextil.es\/ca\/wp-json\/wp\/v2\/product"}],"about":[{"href":"https:\/\/grupotextil.es\/ca\/wp-json\/wp\/v2\/types\/product"}],"replies":[{"embeddable":true,"href":"https:\/\/grupotextil.es\/ca\/wp-json\/wp\/v2\/comments?post=392437"}],"wp:featuredmedia":[{"embeddable":true,"href":"https:\/\/grupotextil.es\/ca\/wp-json\/wp\/v2\/media\/423471"}],"wp:attachment":[{"href":"https:\/\/grupotextil.es\/ca\/wp-json\/wp\/v2\/media?parent=392437"}],"wp:term":[{"taxonomy":"product_brand","embeddable":true,"href":"https:\/\/grupotextil.es\/ca\/wp-json\/wp\/v2\/product_brand?post=392437"},{"taxonomy":"product_cat","embeddable":true,"href":"https:\/\/grupotextil.es\/ca\/wp-json\/wp\/v2\/product_cat?post=392437"},{"taxonomy":"product_tag","embeddable":true,"href":"https:\/\/grupotextil.es\/ca\/wp-json\/wp\/v2\/product_tag?post=392437"}],"curies":[{"name":"wp","href":"https:\/\/api.w.org\/{rel}","templated":true}]}}