{"id":392451,"date":"2026-03-08T04:46:53","date_gmt":"2026-03-08T03:46:53","guid":{"rendered":"https:\/\/grupotextil.es\/producto\/bolsa-carga-pro\/"},"modified":"2026-03-08T04:46:53","modified_gmt":"2026-03-08T03:46:53","slug":"bolsa-carga-pro","status":"publish","type":"product","link":"https:\/\/grupotextil.es\/ca\/product\/bolsa-carga-pro\/","title":{"rendered":"Bag Carga Pro"},"content":{"rendered":"<ul>\n<li>100% poli\u00e9ster (600D)<\/li>\n<li>Correas mochila para hombros plegables<\/li>\n<li>Asas de mano<\/li>\n<li>Correas de refuerzo<\/li>\n<li>Construcci\u00f3n resistente<\/li>\n<li>Bolsillos internos de malla<\/li>\n<li>Capacidad: 68 litros<\/li>\n<li>Medidas: 60 x 38 x 38 cm<\/li>\n<li>\u00c1rea m\u00e1xima de bordado: 18 aro tubular<\/li>\n<li>\u00c1rea m\u00e1xima de impresi\u00f3n: solapa 36 x 26 cm; extremos 26 x 16 cm; frontal 18 x 20 cm<\/li>\n<\/ul>","protected":false},"excerpt":{"rendered":"<p>100% poli\u00e9ster (600D)Correas mochila para hombros plegablesAsas de manoCorreas de refuerzoConstrucci\u00f3n resistenteBolsillos internos de mallaCapacidad: 68 litrosMedidas: 60 x 38 x 38 cm\u00c1rea m\u00e1xima de b<\/p>","protected":false},"featured_media":423488,"comment_status":"open","ping_status":"closed","template":"","meta":{"_acf_changed":false},"product_brand":[11657],"product_cat":[13981,13990,13974,13932,13930,13975,13935,13973],"product_tag":[],"class_list":{"0":"post-392451","1":"product","2":"type-product","3":"status-publish","4":"has-post-thumbnail","6":"product_brand-quadra","7":"product_cat-h-chaquetas-y-abrigos","8":"product_cat-m-chaquetas-y-abrigos","9":"product_cat-ropa-hombre","10":"product_cat-hosteleria-horeca","11":"product_cat-laboral","12":"product_cat-ropa-mujer","13":"product_cat-pantalones-cocina","14":"product_cat-ropa","15":"tm-no-options","17":"first","18":"instock","19":"taxable","20":"shipping-taxable","21":"product-type-variable"},"acf":[],"_links":{"self":[{"href":"https:\/\/grupotextil.es\/ca\/wp-json\/wp\/v2\/product\/392451","targetHints":{"allow":["GET"]}}],"collection":[{"href":"https:\/\/grupotextil.es\/ca\/wp-json\/wp\/v2\/product"}],"about":[{"href":"https:\/\/grupotextil.es\/ca\/wp-json\/wp\/v2\/types\/product"}],"replies":[{"embeddable":true,"href":"https:\/\/grupotextil.es\/ca\/wp-json\/wp\/v2\/comments?post=392451"}],"wp:featuredmedia":[{"embeddable":true,"href":"https:\/\/grupotextil.es\/ca\/wp-json\/wp\/v2\/media\/423488"}],"wp:attachment":[{"href":"https:\/\/grupotextil.es\/ca\/wp-json\/wp\/v2\/media?parent=392451"}],"wp:term":[{"taxonomy":"product_brand","embeddable":true,"href":"https:\/\/grupotextil.es\/ca\/wp-json\/wp\/v2\/product_brand?post=392451"},{"taxonomy":"product_cat","embeddable":true,"href":"https:\/\/grupotextil.es\/ca\/wp-json\/wp\/v2\/product_cat?post=392451"},{"taxonomy":"product_tag","embeddable":true,"href":"https:\/\/grupotextil.es\/ca\/wp-json\/wp\/v2\/product_tag?post=392451"}],"curies":[{"name":"wp","href":"https:\/\/api.w.org\/{rel}","templated":true}]}}