{"id":392453,"date":"2026-03-08T04:46:53","date_gmt":"2026-03-08T03:46:53","guid":{"rendered":"https:\/\/grupotextil.es\/producto\/bolsa-trolley-detroit\/"},"modified":"2026-03-08T04:46:53","modified_gmt":"2026-03-08T03:46:53","slug":"bolsa-trolley-detroit","status":"publish","type":"product","link":"https:\/\/grupotextil.es\/ca\/product\/bolsa-trolley-detroit\/","title":{"rendered":"Bag Trolley Detroit"},"content":{"rendered":"<ul>\n<li>100% poli\u00e9ster (600D ripstop)<\/li>\n<li>Mango reforzado<\/li>\n<li>Asa acolchada adicional en la parte superior<\/li>\n<li>Compartimento principal grande con cremallera<\/li>\n<li>Bolsillo con cremallera encima, un bolsillo lateral y dos adicionales m\u00e1s peque\u00f1os en el otro lado<\/li>\n<li>Dos bolsillos delanteros con cremallera, con ruedas<\/li>\n<li>Apropiada para serigraf\u00eda, impresi\u00f3n transfer y bordado<\/li>\n<li>Peso: 3250 g<\/li>\n<li>Capacidad: 75 litros<\/li>\n<li>Medidas: 64 x 34 x 34 cm<\/li>\n<li>\u00c1rea de decoraci\u00f3n: 16 x 12 cm (2 bolsillos peque\u00f1os), 30 x 14 cm (bolsillo grande)<\/li>\n<li>Bordado m\u00e1ximo: aro tubular m\u00e1ximo 12 (2 bolsillos peque\u00f1os) y 18 (bolsillo grande)<\/li>\n<\/ul>","protected":false},"excerpt":{"rendered":"<p>100% poli\u00e9ster (600D ripstop)Mango reforzadoAsa acolchada adicional en la parte superiorCompartimento principal grande con cremalleraBolsillo con cremallera encima, un bolsillo lateral y dos adicional<\/p>","protected":false},"featured_media":423489,"comment_status":"open","ping_status":"closed","template":"","meta":{"_acf_changed":false},"product_brand":[11660],"product_cat":[13981,13990,13974,13932,13930,13975,13935,13973],"product_tag":[],"class_list":{"0":"post-392453","1":"product","2":"type-product","3":"status-publish","4":"has-post-thumbnail","6":"product_brand-shugon","7":"product_cat-h-chaquetas-y-abrigos","8":"product_cat-m-chaquetas-y-abrigos","9":"product_cat-ropa-hombre","10":"product_cat-hosteleria-horeca","11":"product_cat-laboral","12":"product_cat-ropa-mujer","13":"product_cat-pantalones-cocina","14":"product_cat-ropa","15":"tm-no-options","17":"first","18":"instock","19":"taxable","20":"shipping-taxable","21":"product-type-variable"},"acf":[],"_links":{"self":[{"href":"https:\/\/grupotextil.es\/ca\/wp-json\/wp\/v2\/product\/392453","targetHints":{"allow":["GET"]}}],"collection":[{"href":"https:\/\/grupotextil.es\/ca\/wp-json\/wp\/v2\/product"}],"about":[{"href":"https:\/\/grupotextil.es\/ca\/wp-json\/wp\/v2\/types\/product"}],"replies":[{"embeddable":true,"href":"https:\/\/grupotextil.es\/ca\/wp-json\/wp\/v2\/comments?post=392453"}],"wp:featuredmedia":[{"embeddable":true,"href":"https:\/\/grupotextil.es\/ca\/wp-json\/wp\/v2\/media\/423489"}],"wp:attachment":[{"href":"https:\/\/grupotextil.es\/ca\/wp-json\/wp\/v2\/media?parent=392453"}],"wp:term":[{"taxonomy":"product_brand","embeddable":true,"href":"https:\/\/grupotextil.es\/ca\/wp-json\/wp\/v2\/product_brand?post=392453"},{"taxonomy":"product_cat","embeddable":true,"href":"https:\/\/grupotextil.es\/ca\/wp-json\/wp\/v2\/product_cat?post=392453"},{"taxonomy":"product_tag","embeddable":true,"href":"https:\/\/grupotextil.es\/ca\/wp-json\/wp\/v2\/product_tag?post=392453"}],"curies":[{"name":"wp","href":"https:\/\/api.w.org\/{rel}","templated":true}]}}