{"id":392464,"date":"2026-03-08T04:46:55","date_gmt":"2026-03-08T03:46:55","guid":{"rendered":"https:\/\/grupotextil.es\/producto\/bolsa-para-bambas-accesorios\/"},"modified":"2026-03-08T04:46:55","modified_gmt":"2026-03-08T03:46:55","slug":"bolsa-para-bambas-accesorios","status":"publish","type":"product","link":"https:\/\/grupotextil.es\/ca\/product\/bolsa-para-bambas-accesorios\/","title":{"rendered":"Bag para bambas\/accesorios"},"content":{"rendered":"<ul>\n<li>100% poli\u00e9ster (600D\/420D)<\/li>\n<li>Asa de mano<\/li>\n<li>Interior lavable<\/li>\n<li>Bolsillo trasero de rejilla<\/li>\n<li>Ojales met\u00e1licos de ventilaci\u00f3n<\/li>\n<li>Capacidad: 8 litros<\/li>\n<li>Tama\u00f1o: 19 x 35 x 12 cm<\/li>\n<li>Bordado m\u00e1ximo: aro plano de 15<\/li>\n<li>\u00c1rea m\u00e1xima de impresi\u00f3n: 23 x 15 cm<\/li>\n<\/ul>","protected":false},"excerpt":{"rendered":"<p>100% poli\u00e9ster (600D\/420D)Asa de manoInterior lavableBolsillo trasero de rejillaOjales met\u00e1licos de ventilaci\u00f3nCapacidad: 8 litrosTama\u00f1o: 19 x 35 x 12 cmBordado m\u00e1ximo: aro plano de 15\u00c1rea m\u00e1xima de i<\/p>","protected":false},"featured_media":423510,"comment_status":"open","ping_status":"closed","template":"","meta":{"_acf_changed":false},"product_brand":[11668],"product_cat":[13981,13990,13974,13932,13930,13975,13935,13973],"product_tag":[],"class_list":{"0":"post-392464","1":"product","2":"type-product","3":"status-publish","4":"has-post-thumbnail","6":"product_brand-bag-base","7":"product_cat-h-chaquetas-y-abrigos","8":"product_cat-m-chaquetas-y-abrigos","9":"product_cat-ropa-hombre","10":"product_cat-hosteleria-horeca","11":"product_cat-laboral","12":"product_cat-ropa-mujer","13":"product_cat-pantalones-cocina","14":"product_cat-ropa","15":"tm-no-options","17":"first","18":"instock","19":"taxable","20":"shipping-taxable","21":"product-type-variable"},"acf":[],"_links":{"self":[{"href":"https:\/\/grupotextil.es\/ca\/wp-json\/wp\/v2\/product\/392464","targetHints":{"allow":["GET"]}}],"collection":[{"href":"https:\/\/grupotextil.es\/ca\/wp-json\/wp\/v2\/product"}],"about":[{"href":"https:\/\/grupotextil.es\/ca\/wp-json\/wp\/v2\/types\/product"}],"replies":[{"embeddable":true,"href":"https:\/\/grupotextil.es\/ca\/wp-json\/wp\/v2\/comments?post=392464"}],"wp:featuredmedia":[{"embeddable":true,"href":"https:\/\/grupotextil.es\/ca\/wp-json\/wp\/v2\/media\/423510"}],"wp:attachment":[{"href":"https:\/\/grupotextil.es\/ca\/wp-json\/wp\/v2\/media?parent=392464"}],"wp:term":[{"taxonomy":"product_brand","embeddable":true,"href":"https:\/\/grupotextil.es\/ca\/wp-json\/wp\/v2\/product_brand?post=392464"},{"taxonomy":"product_cat","embeddable":true,"href":"https:\/\/grupotextil.es\/ca\/wp-json\/wp\/v2\/product_cat?post=392464"},{"taxonomy":"product_tag","embeddable":true,"href":"https:\/\/grupotextil.es\/ca\/wp-json\/wp\/v2\/product_tag?post=392464"}],"curies":[{"name":"wp","href":"https:\/\/api.w.org\/{rel}","templated":true}]}}