{"id":392542,"date":"2026-03-08T04:47:05","date_gmt":"2026-03-08T03:47:05","guid":{"rendered":"https:\/\/grupotextil.es\/producto\/bolsa-algodon-premium-2\/"},"modified":"2026-03-08T04:47:05","modified_gmt":"2026-03-08T03:47:05","slug":"bolsa-algodon-premium-2","status":"publish","type":"product","link":"https:\/\/grupotextil.es\/ca\/product\/bolsa-algodon-premium-2\/","title":{"rendered":"Bag algod\u00f3n Premium"},"content":{"rendered":"<ul>\n<li>200 g\/m\u00b2<\/li>\n<li>100% algod\u00f3n<\/li>\n<li>Cierre con cord\u00f3n ajustable<\/li>\n<li>Agarre de los cordones externo para facilitar la zona de impresi\u00f3n<\/li>\n<li>Capacidad: 12 Litros<\/li>\n<li>Medidas: 37 x 46 cm<\/li>\n<li>Max. bordado: aro tubular 18<\/li>\n<li>\u00c1rea de impresi\u00f3n: 30 x 32 cm.<\/li>\n<\/ul>","protected":false},"excerpt":{"rendered":"<p>200 g\/m\u00b2100% algod\u00f3nCierre con cord\u00f3n ajustableAgarre de los cordones externo para facilitar la zona de impresi\u00f3nCapacidad: 12 LitrosMedidas: 37 x 46 cmMax. bordado: aro tubular 18\u00c1rea de impresi\u00f3n&#8230;<\/p>","protected":false},"featured_media":423603,"comment_status":"open","ping_status":"closed","template":"","meta":{"_acf_changed":false},"product_brand":[11680],"product_cat":[13981,13990,13974,13932,13930,13975,13935,13973],"product_tag":[],"class_list":{"0":"post-392542","1":"product","2":"type-product","3":"status-publish","4":"has-post-thumbnail","6":"product_brand-westford-mill","7":"product_cat-h-chaquetas-y-abrigos","8":"product_cat-m-chaquetas-y-abrigos","9":"product_cat-ropa-hombre","10":"product_cat-hosteleria-horeca","11":"product_cat-laboral","12":"product_cat-ropa-mujer","13":"product_cat-pantalones-cocina","14":"product_cat-ropa","15":"tm-no-options","17":"first","18":"instock","19":"taxable","20":"shipping-taxable","21":"product-type-variable"},"acf":[],"_links":{"self":[{"href":"https:\/\/grupotextil.es\/ca\/wp-json\/wp\/v2\/product\/392542","targetHints":{"allow":["GET"]}}],"collection":[{"href":"https:\/\/grupotextil.es\/ca\/wp-json\/wp\/v2\/product"}],"about":[{"href":"https:\/\/grupotextil.es\/ca\/wp-json\/wp\/v2\/types\/product"}],"replies":[{"embeddable":true,"href":"https:\/\/grupotextil.es\/ca\/wp-json\/wp\/v2\/comments?post=392542"}],"wp:featuredmedia":[{"embeddable":true,"href":"https:\/\/grupotextil.es\/ca\/wp-json\/wp\/v2\/media\/423603"}],"wp:attachment":[{"href":"https:\/\/grupotextil.es\/ca\/wp-json\/wp\/v2\/media?parent=392542"}],"wp:term":[{"taxonomy":"product_brand","embeddable":true,"href":"https:\/\/grupotextil.es\/ca\/wp-json\/wp\/v2\/product_brand?post=392542"},{"taxonomy":"product_cat","embeddable":true,"href":"https:\/\/grupotextil.es\/ca\/wp-json\/wp\/v2\/product_cat?post=392542"},{"taxonomy":"product_tag","embeddable":true,"href":"https:\/\/grupotextil.es\/ca\/wp-json\/wp\/v2\/product_tag?post=392542"}],"curies":[{"name":"wp","href":"https:\/\/api.w.org\/{rel}","templated":true}]}}