{"id":392592,"date":"2026-03-08T04:47:10","date_gmt":"2026-03-08T03:47:10","guid":{"rendered":"https:\/\/grupotextil.es\/producto\/bolsa-cordones-hi-vis-stafford\/"},"modified":"2026-03-08T04:47:10","modified_gmt":"2026-03-08T03:47:10","slug":"bolsa-cordones-hi-vis-stafford","status":"publish","type":"product","link":"https:\/\/grupotextil.es\/ca\/product\/bolsa-cordones-hi-vis-stafford\/","title":{"rendered":"Bag cordones Hi-Vis Stafford"},"content":{"rendered":"<ul>\n<li>100% poli\u00e9ster (210D)<\/li>\n<li>Mochila cl\u00e1sica con cordones y franja reflectante en frontal<\/li>\n<li>Esquinas reforzadas con ojales met\u00e1licos<\/li>\n<li>Asas de fuerte cord\u00f3n de poli\u00e9ster<\/li>\n<li>Resistente al agua<\/li>\n<li>Apropiado para decoraci\u00f3n en ambas caras<\/li>\n<li>Capacidad: 13 litros<\/li>\n<li>Medidas: 34 x 44 cm<\/li>\n<li>Bordado m\u00e1ximo: aro tubular 14<\/li>\n<li>\u00c1rea de decoraci\u00f3n: 26 x 15 cm<\/li>\n<\/ul>","protected":false},"excerpt":{"rendered":"<p>100% poli\u00e9ster (210D)Mochila cl\u00e1sica con cordones y franja reflectante en frontalEsquinas reforzadas con ojales met\u00e1licosAsas de fuerte cord\u00f3n de poli\u00e9sterResistente al aguaApropiado para decoraci\u00f3n e<\/p>","protected":false},"featured_media":423664,"comment_status":"open","ping_status":"closed","template":"","meta":{"_acf_changed":false},"product_brand":[11660],"product_cat":[13981,13990,13974,13932,13930,13975,13935,13973],"product_tag":[],"class_list":{"0":"post-392592","1":"product","2":"type-product","3":"status-publish","4":"has-post-thumbnail","6":"product_brand-shugon","7":"product_cat-h-chaquetas-y-abrigos","8":"product_cat-m-chaquetas-y-abrigos","9":"product_cat-ropa-hombre","10":"product_cat-hosteleria-horeca","11":"product_cat-laboral","12":"product_cat-ropa-mujer","13":"product_cat-pantalones-cocina","14":"product_cat-ropa","15":"tm-no-options","17":"first","18":"instock","19":"taxable","20":"shipping-taxable","21":"product-type-variable"},"acf":[],"_links":{"self":[{"href":"https:\/\/grupotextil.es\/ca\/wp-json\/wp\/v2\/product\/392592","targetHints":{"allow":["GET"]}}],"collection":[{"href":"https:\/\/grupotextil.es\/ca\/wp-json\/wp\/v2\/product"}],"about":[{"href":"https:\/\/grupotextil.es\/ca\/wp-json\/wp\/v2\/types\/product"}],"replies":[{"embeddable":true,"href":"https:\/\/grupotextil.es\/ca\/wp-json\/wp\/v2\/comments?post=392592"}],"wp:featuredmedia":[{"embeddable":true,"href":"https:\/\/grupotextil.es\/ca\/wp-json\/wp\/v2\/media\/423664"}],"wp:attachment":[{"href":"https:\/\/grupotextil.es\/ca\/wp-json\/wp\/v2\/media?parent=392592"}],"wp:term":[{"taxonomy":"product_brand","embeddable":true,"href":"https:\/\/grupotextil.es\/ca\/wp-json\/wp\/v2\/product_brand?post=392592"},{"taxonomy":"product_cat","embeddable":true,"href":"https:\/\/grupotextil.es\/ca\/wp-json\/wp\/v2\/product_cat?post=392592"},{"taxonomy":"product_tag","embeddable":true,"href":"https:\/\/grupotextil.es\/ca\/wp-json\/wp\/v2\/product_tag?post=392592"}],"curies":[{"name":"wp","href":"https:\/\/api.w.org\/{rel}","templated":true}]}}