{"id":392641,"date":"2026-03-08T04:47:14","date_gmt":"2026-03-08T03:47:14","guid":{"rendered":"https:\/\/grupotextil.es\/producto\/trucker-classic-2-colores\/"},"modified":"2026-03-08T04:47:14","modified_gmt":"2026-03-08T03:47:14","slug":"trucker-classic-2-colores","status":"publish","type":"product","link":"https:\/\/grupotextil.es\/ca\/product\/trucker-classic-2-colores\/","title":{"rendered":"Trucker classic 2 colores"},"content":{"rendered":"<ul>\n<li>205 g\/m\u00b2<\/li>\n<li>60 % algod\u00f3n, 40% poli\u00e9ster (sarga)<\/li>\n<li>Paneles de malla: 100% poli\u00e9ster<\/li>\n<li>bucar\u00e1n duro<\/li>\n<li>5 paneles<\/li>\n<li>Visera plana con 8 filas de pespuntes<\/li>\n<li>Cierre a presi\u00f3n.<\/li>\n<\/ul>","protected":false},"excerpt":{"rendered":"<p>205 g\/m\u00b260 % algod\u00f3n, 40% poli\u00e9ster (sarga)Paneles de malla: 100% poli\u00e9sterbucar\u00e1n duro5 panelesVisera plana con 8 filas de pespuntesCierre a presi\u00f3n.<\/p>","protected":false},"featured_media":423721,"comment_status":"open","ping_status":"closed","template":"","meta":{"_acf_changed":false},"product_brand":[11678],"product_cat":[13948,13954],"product_tag":[],"class_list":{"0":"post-392641","1":"product","2":"type-product","3":"status-publish","4":"has-post-thumbnail","6":"product_brand-flexfit","7":"product_cat-accesorios","8":"product_cat-acc-bolsas-y-mochilas","9":"tm-no-options","11":"first","12":"instock","13":"taxable","14":"shipping-taxable","15":"product-type-variable"},"acf":[],"_links":{"self":[{"href":"https:\/\/grupotextil.es\/ca\/wp-json\/wp\/v2\/product\/392641","targetHints":{"allow":["GET"]}}],"collection":[{"href":"https:\/\/grupotextil.es\/ca\/wp-json\/wp\/v2\/product"}],"about":[{"href":"https:\/\/grupotextil.es\/ca\/wp-json\/wp\/v2\/types\/product"}],"replies":[{"embeddable":true,"href":"https:\/\/grupotextil.es\/ca\/wp-json\/wp\/v2\/comments?post=392641"}],"wp:featuredmedia":[{"embeddable":true,"href":"https:\/\/grupotextil.es\/ca\/wp-json\/wp\/v2\/media\/423721"}],"wp:attachment":[{"href":"https:\/\/grupotextil.es\/ca\/wp-json\/wp\/v2\/media?parent=392641"}],"wp:term":[{"taxonomy":"product_brand","embeddable":true,"href":"https:\/\/grupotextil.es\/ca\/wp-json\/wp\/v2\/product_brand?post=392641"},{"taxonomy":"product_cat","embeddable":true,"href":"https:\/\/grupotextil.es\/ca\/wp-json\/wp\/v2\/product_cat?post=392641"},{"taxonomy":"product_tag","embeddable":true,"href":"https:\/\/grupotextil.es\/ca\/wp-json\/wp\/v2\/product_tag?post=392641"}],"curies":[{"name":"wp","href":"https:\/\/api.w.org\/{rel}","templated":true}]}}