{"id":392684,"date":"2026-03-08T04:47:18","date_gmt":"2026-03-08T03:47:18","guid":{"rendered":"https:\/\/grupotextil.es\/producto\/monedero-organico-earthaware-spring\/"},"modified":"2026-03-08T04:47:18","modified_gmt":"2026-03-08T03:47:18","slug":"monedero-organico-earthaware-spring","status":"publish","type":"product","link":"https:\/\/grupotextil.es\/ca\/product\/monedero-organico-earthaware-spring\/","title":{"rendered":"Monedero org\u00e1nico EarthAware\u2122 Spring"},"content":{"rendered":"<ul>\n<li>407 g\/m\u00b2<\/li>\n<li>100% algod\u00f3n org\u00e1nico<\/li>\n<li>Tejido pesado premium<\/li>\n<li>Cierre con cremallera<\/li>\n<li>Capacidad: 0,25 litros<\/li>\n<li>Medidas: 14,5 x 11 cm<\/li>\n<li>\u00c1rea de impresi\u00f3n: 12 x 8 cm<\/li>\n<\/ul>","protected":false},"excerpt":{"rendered":"<p>407 g\/m\u00b2100% algod\u00f3n org\u00e1nicoTejido pesado premiumCierre con cremalleraCapacidad: 0,25 litrosMedidas: 14,5 x 11 cm\u00c1rea de impresi\u00f3n: 12 x 8 cm<\/p>","protected":false},"featured_media":423795,"comment_status":"open","ping_status":"closed","template":"","meta":{"_acf_changed":false},"product_brand":[11680],"product_cat":[13948,13954],"product_tag":[],"class_list":{"0":"post-392684","1":"product","2":"type-product","3":"status-publish","4":"has-post-thumbnail","6":"product_brand-westford-mill","7":"product_cat-accesorios","8":"product_cat-acc-bolsas-y-mochilas","9":"tm-no-options","11":"first","12":"instock","13":"taxable","14":"shipping-taxable","15":"product-type-variable"},"acf":[],"_links":{"self":[{"href":"https:\/\/grupotextil.es\/ca\/wp-json\/wp\/v2\/product\/392684","targetHints":{"allow":["GET"]}}],"collection":[{"href":"https:\/\/grupotextil.es\/ca\/wp-json\/wp\/v2\/product"}],"about":[{"href":"https:\/\/grupotextil.es\/ca\/wp-json\/wp\/v2\/types\/product"}],"replies":[{"embeddable":true,"href":"https:\/\/grupotextil.es\/ca\/wp-json\/wp\/v2\/comments?post=392684"}],"wp:featuredmedia":[{"embeddable":true,"href":"https:\/\/grupotextil.es\/ca\/wp-json\/wp\/v2\/media\/423795"}],"wp:attachment":[{"href":"https:\/\/grupotextil.es\/ca\/wp-json\/wp\/v2\/media?parent=392684"}],"wp:term":[{"taxonomy":"product_brand","embeddable":true,"href":"https:\/\/grupotextil.es\/ca\/wp-json\/wp\/v2\/product_brand?post=392684"},{"taxonomy":"product_cat","embeddable":true,"href":"https:\/\/grupotextil.es\/ca\/wp-json\/wp\/v2\/product_cat?post=392684"},{"taxonomy":"product_tag","embeddable":true,"href":"https:\/\/grupotextil.es\/ca\/wp-json\/wp\/v2\/product_tag?post=392684"}],"curies":[{"name":"wp","href":"https:\/\/api.w.org\/{rel}","templated":true}]}}