{"id":392711,"date":"2026-03-08T04:47:20","date_gmt":"2026-03-08T03:47:20","guid":{"rendered":"https:\/\/grupotextil.es\/producto\/bolsa-organica-premium\/"},"modified":"2026-03-08T04:47:20","modified_gmt":"2026-03-08T03:47:20","slug":"bolsa-organica-premium","status":"publish","type":"product","link":"https:\/\/grupotextil.es\/ca\/product\/bolsa-organica-premium\/","title":{"rendered":"Bag org\u00e1nico Premium"},"content":{"rendered":"<ul>\n<li>200 g\/m\u00b2<\/li>\n<li>100% algod\u00f3n org\u00e1nico<\/li>\n<li>Cierre con cord\u00f3n ajustable<\/li>\n<li>Atadura externa de los cordones fuera de la zona de impresi\u00f3n<\/li>\n<li>Capacidad: 12 litros<\/li>\n<li>Medidas: 37 x 46 cm<\/li>\n<li>Max. Bordado: aro tubular 18<\/li>\n<li>\u00c1rea para impresi\u00f3n: 30 x 32 cm<\/li>\n<\/ul>","protected":false},"excerpt":{"rendered":"<p>200 g\/m\u00b2100% algod\u00f3n org\u00e1nicoCierre con cord\u00f3n ajustableAtadura externa de los cordones fuera de la zona de impresi\u00f3nCapacidad: 12 litrosMedidas: 37 x 46 cmMax.<\/p>","protected":false},"featured_media":423823,"comment_status":"open","ping_status":"closed","template":"","meta":{"_acf_changed":false},"product_brand":[11680],"product_cat":[13948,13954],"product_tag":[],"class_list":{"0":"post-392711","1":"product","2":"type-product","3":"status-publish","4":"has-post-thumbnail","6":"product_brand-westford-mill","7":"product_cat-accesorios","8":"product_cat-acc-bolsas-y-mochilas","9":"tm-no-options","11":"first","12":"instock","13":"taxable","14":"shipping-taxable","15":"product-type-variable"},"acf":[],"_links":{"self":[{"href":"https:\/\/grupotextil.es\/ca\/wp-json\/wp\/v2\/product\/392711","targetHints":{"allow":["GET"]}}],"collection":[{"href":"https:\/\/grupotextil.es\/ca\/wp-json\/wp\/v2\/product"}],"about":[{"href":"https:\/\/grupotextil.es\/ca\/wp-json\/wp\/v2\/types\/product"}],"replies":[{"embeddable":true,"href":"https:\/\/grupotextil.es\/ca\/wp-json\/wp\/v2\/comments?post=392711"}],"wp:featuredmedia":[{"embeddable":true,"href":"https:\/\/grupotextil.es\/ca\/wp-json\/wp\/v2\/media\/423823"}],"wp:attachment":[{"href":"https:\/\/grupotextil.es\/ca\/wp-json\/wp\/v2\/media?parent=392711"}],"wp:term":[{"taxonomy":"product_brand","embeddable":true,"href":"https:\/\/grupotextil.es\/ca\/wp-json\/wp\/v2\/product_brand?post=392711"},{"taxonomy":"product_cat","embeddable":true,"href":"https:\/\/grupotextil.es\/ca\/wp-json\/wp\/v2\/product_cat?post=392711"},{"taxonomy":"product_tag","embeddable":true,"href":"https:\/\/grupotextil.es\/ca\/wp-json\/wp\/v2\/product_tag?post=392711"}],"curies":[{"name":"wp","href":"https:\/\/api.w.org\/{rel}","templated":true}]}}