{"id":392740,"date":"2026-03-08T04:47:23","date_gmt":"2026-03-08T03:47:23","guid":{"rendered":"https:\/\/grupotextil.es\/producto\/gorra-trucker-de-poliester-reciclado\/"},"modified":"2026-03-08T04:47:23","modified_gmt":"2026-03-08T03:47:23","slug":"gorra-trucker-de-poliester-reciclado","status":"publish","type":"product","link":"https:\/\/grupotextil.es\/ca\/product\/gorra-trucker-de-poliester-reciclado\/","title":{"rendered":"Cap Trucker de poli\u00e9ster reciclado"},"content":{"rendered":"<ul>\n<li>100% poli\u00e9ster (reciclado, sarga)<\/li>\n<li>Tejido bucaram r\u00edgido<\/li>\n<li>6 paneles<\/li>\n<li>Visera con 8 filas de pespuntes<\/li>\n<li>Visera inferior a juego<\/li>\n<li>Visera precurvada<\/li>\n<li>Cierre a presi\u00f3n.<\/li>\n<\/ul>","protected":false},"excerpt":{"rendered":"<p>100% poli\u00e9ster (reciclado, sarga)Tejido bucaram r\u00edgido6 panelesVisera con 8 filas de pespuntesVisera inferior a juegoVisera precurvadaCierre a presi\u00f3n.<\/p>","protected":false},"featured_media":423869,"comment_status":"open","ping_status":"closed","template":"","meta":{"_acf_changed":false},"product_brand":[11678],"product_cat":[13948,13954],"product_tag":[],"class_list":{"0":"post-392740","1":"product","2":"type-product","3":"status-publish","4":"has-post-thumbnail","6":"product_brand-flexfit","7":"product_cat-accesorios","8":"product_cat-acc-bolsas-y-mochilas","9":"tm-no-options","11":"first","12":"instock","13":"taxable","14":"shipping-taxable","15":"product-type-variable"},"acf":[],"_links":{"self":[{"href":"https:\/\/grupotextil.es\/ca\/wp-json\/wp\/v2\/product\/392740","targetHints":{"allow":["GET"]}}],"collection":[{"href":"https:\/\/grupotextil.es\/ca\/wp-json\/wp\/v2\/product"}],"about":[{"href":"https:\/\/grupotextil.es\/ca\/wp-json\/wp\/v2\/types\/product"}],"replies":[{"embeddable":true,"href":"https:\/\/grupotextil.es\/ca\/wp-json\/wp\/v2\/comments?post=392740"}],"wp:featuredmedia":[{"embeddable":true,"href":"https:\/\/grupotextil.es\/ca\/wp-json\/wp\/v2\/media\/423869"}],"wp:attachment":[{"href":"https:\/\/grupotextil.es\/ca\/wp-json\/wp\/v2\/media?parent=392740"}],"wp:term":[{"taxonomy":"product_brand","embeddable":true,"href":"https:\/\/grupotextil.es\/ca\/wp-json\/wp\/v2\/product_brand?post=392740"},{"taxonomy":"product_cat","embeddable":true,"href":"https:\/\/grupotextil.es\/ca\/wp-json\/wp\/v2\/product_cat?post=392740"},{"taxonomy":"product_tag","embeddable":true,"href":"https:\/\/grupotextil.es\/ca\/wp-json\/wp\/v2\/product_tag?post=392740"}],"curies":[{"name":"wp","href":"https:\/\/api.w.org\/{rel}","templated":true}]}}