{"id":392742,"date":"2026-03-08T04:47:23","date_gmt":"2026-03-08T03:47:23","guid":{"rendered":"https:\/\/grupotextil.es\/producto\/bolsa-organica-stuff-premium\/"},"modified":"2026-03-08T04:47:23","modified_gmt":"2026-03-08T03:47:23","slug":"bolsa-organica-stuff-premium","status":"publish","type":"product","link":"https:\/\/grupotextil.es\/ca\/product\/bolsa-organica-stuff-premium\/","title":{"rendered":"Bag org\u00e1nico Stuff Premium"},"content":{"rendered":"<ul>\n<li>200 g\/m\u00b2<\/li>\n<li>100% algod\u00f3n org\u00e1nico<\/li>\n<li>Doble cierre con cord\u00f3n ajustable<\/li>\n<li>Capacidad en litros: 1 (XS), 3 (S), 8 (M), 15 (L)<\/li>\n<li>Medidas en cm: 14 x 20,5 (XS), 23 x 34 (S), 31 x 48 (M), 40 x 61,5 (L)<\/li>\n<li>Max. Bordado en aro tubular: 6 (XS), 12 (S), 18 (M), 18 (L)<\/li>\n<li>Max. \u00e1rea de impresi\u00f3n en cm: 12 x 16 (XS), 18 x 22 (S), 25 x 28 (M), 34 x 40 (L)<\/li>\n<\/ul>","protected":false},"excerpt":{"rendered":"<p>200 g\/m\u00b2100% algod\u00f3n org\u00e1nicoDoble cierre con cord\u00f3n ajustableCapacidad en litros: 1 (XS), 3 (S), 8 (M), 15 (L)Medidas en cm: 14 x 20,5 (XS), 23 x 34 (S), 31 x 48 (M), 40 x 61,5 (L)Max. Bordado en &#8230;<\/p>","protected":false},"featured_media":423874,"comment_status":"open","ping_status":"closed","template":"","meta":{"_acf_changed":false},"product_brand":[11680],"product_cat":[13948,13954],"product_tag":[],"class_list":{"0":"post-392742","1":"product","2":"type-product","3":"status-publish","4":"has-post-thumbnail","6":"product_brand-westford-mill","7":"product_cat-accesorios","8":"product_cat-acc-bolsas-y-mochilas","9":"tm-no-options","11":"first","12":"instock","13":"taxable","14":"shipping-taxable","15":"product-type-variable"},"acf":[],"_links":{"self":[{"href":"https:\/\/grupotextil.es\/ca\/wp-json\/wp\/v2\/product\/392742","targetHints":{"allow":["GET"]}}],"collection":[{"href":"https:\/\/grupotextil.es\/ca\/wp-json\/wp\/v2\/product"}],"about":[{"href":"https:\/\/grupotextil.es\/ca\/wp-json\/wp\/v2\/types\/product"}],"replies":[{"embeddable":true,"href":"https:\/\/grupotextil.es\/ca\/wp-json\/wp\/v2\/comments?post=392742"}],"wp:featuredmedia":[{"embeddable":true,"href":"https:\/\/grupotextil.es\/ca\/wp-json\/wp\/v2\/media\/423874"}],"wp:attachment":[{"href":"https:\/\/grupotextil.es\/ca\/wp-json\/wp\/v2\/media?parent=392742"}],"wp:term":[{"taxonomy":"product_brand","embeddable":true,"href":"https:\/\/grupotextil.es\/ca\/wp-json\/wp\/v2\/product_brand?post=392742"},{"taxonomy":"product_cat","embeddable":true,"href":"https:\/\/grupotextil.es\/ca\/wp-json\/wp\/v2\/product_cat?post=392742"},{"taxonomy":"product_tag","embeddable":true,"href":"https:\/\/grupotextil.es\/ca\/wp-json\/wp\/v2\/product_tag?post=392742"}],"curies":[{"name":"wp","href":"https:\/\/api.w.org\/{rel}","templated":true}]}}