{"id":392800,"date":"2026-03-08T04:47:33","date_gmt":"2026-03-08T03:47:33","guid":{"rendered":"https:\/\/grupotextil.es\/producto\/bolsa-accesorio-nautical\/"},"modified":"2026-03-08T04:47:33","modified_gmt":"2026-03-08T03:47:33","slug":"bolsa-accesorio-nautical","status":"publish","type":"product","link":"https:\/\/grupotextil.es\/ca\/product\/bolsa-accesorio-nautical\/","title":{"rendered":"Bag accesorio Nautical"},"content":{"rendered":"<ul>\n<li>407 g\/m\u00b2<\/li>\n<li>100% algod\u00f3n (tela peinada)<\/li>\n<li>Tejido duradero<\/li>\n<li>Cremallera con tirador a juego<\/li>\n<li>Dise\u00f1o de banda impresa<\/li>\n<li>Capacidad: 3 Litros<\/li>\n<li>Medidas: 19 x 18 x 9 cm<\/li>\n<li>Max. Bordado: aro tubular 15<\/li>\n<li>\u00c1rea para impresi\u00f3n: 26 x 12 cm.<\/li>\n<\/ul>","protected":false},"excerpt":{"rendered":"<p>407 g\/m\u00b2100% algod\u00f3n (tela peinada)Tejido duraderoCremallera con tirador a juegoDise\u00f1o de banda impresaCapacidad: 3 LitrosMedidas: 19 x 18 x 9 cmMax. Bordado: aro tubular 15\u00c1rea para impresi\u00f3n: 26 &#8230;<\/p>","protected":false},"featured_media":423973,"comment_status":"open","ping_status":"closed","template":"","meta":{"_acf_changed":false},"product_brand":[11680],"product_cat":[13948,13954],"product_tag":[],"class_list":{"0":"post-392800","1":"product","2":"type-product","3":"status-publish","4":"has-post-thumbnail","6":"product_brand-westford-mill","7":"product_cat-accesorios","8":"product_cat-acc-bolsas-y-mochilas","9":"tm-no-options","11":"first","12":"instock","13":"taxable","14":"shipping-taxable","15":"product-type-variable"},"acf":[],"_links":{"self":[{"href":"https:\/\/grupotextil.es\/ca\/wp-json\/wp\/v2\/product\/392800","targetHints":{"allow":["GET"]}}],"collection":[{"href":"https:\/\/grupotextil.es\/ca\/wp-json\/wp\/v2\/product"}],"about":[{"href":"https:\/\/grupotextil.es\/ca\/wp-json\/wp\/v2\/types\/product"}],"replies":[{"embeddable":true,"href":"https:\/\/grupotextil.es\/ca\/wp-json\/wp\/v2\/comments?post=392800"}],"wp:featuredmedia":[{"embeddable":true,"href":"https:\/\/grupotextil.es\/ca\/wp-json\/wp\/v2\/media\/423973"}],"wp:attachment":[{"href":"https:\/\/grupotextil.es\/ca\/wp-json\/wp\/v2\/media?parent=392800"}],"wp:term":[{"taxonomy":"product_brand","embeddable":true,"href":"https:\/\/grupotextil.es\/ca\/wp-json\/wp\/v2\/product_brand?post=392800"},{"taxonomy":"product_cat","embeddable":true,"href":"https:\/\/grupotextil.es\/ca\/wp-json\/wp\/v2\/product_cat?post=392800"},{"taxonomy":"product_tag","embeddable":true,"href":"https:\/\/grupotextil.es\/ca\/wp-json\/wp\/v2\/product_tag?post=392800"}],"curies":[{"name":"wp","href":"https:\/\/api.w.org\/{rel}","templated":true}]}}