{"id":392909,"date":"2026-03-08T04:47:42","date_gmt":"2026-03-08T03:47:42","guid":{"rendered":"https:\/\/grupotextil.es\/producto\/bolsa-de-compra-de-lona-asa-larga\/"},"modified":"2026-03-08T04:47:42","modified_gmt":"2026-03-08T03:47:42","slug":"bolsa-de-compra-de-lona-asa-larga","status":"publish","type":"product","link":"https:\/\/grupotextil.es\/ca\/product\/bolsa-de-compra-de-lona-asa-larga\/","title":{"rendered":"Bag de compra Canvas Long Handle"},"content":{"rendered":"<ul>\n<li>280 g\/m\u00b2<\/li>\n<li>100% Algod\u00f3n (lona)<\/li>\n<li>Asas largas (LH): aprox. 60 cm de largo (4 cm de ancho)<\/li>\n<li>Costuras cruzadas en las asas para mayor refuerzo.<\/li>\n<li>Las costuras laterales enrolladas evitan que se encoja<\/li>\n<li>Sin pliegues laterales<\/li>\n<li>Mosquet\u00f3n de metal en el interior para colgar estuche, bolsa de accesorios, llavero, billetera, etc. (Se vende por separado).<\/li>\n<li>Medidas en cm: M: 39x35x12, XL: 49x39x12<\/li>\n<li>\u00c1rea m\u00e1xima de impresi\u00f3n en cm: M: 32&#215;28, XL: 42&#215;31<\/li>\n<li>Apto para bordado, DTG, serigraf\u00eda y transfer (bolsa planchada)<\/li>\n<\/ul>","protected":false},"excerpt":{"rendered":"<p>280 g\/m\u00b2100% Algod\u00f3n (lona)Asas largas (LH): aprox. 60 cm de largo (4 cm de ancho)Costuras cruzadas en las asas para mayor refuerzo.<\/p>","protected":false},"featured_media":424102,"comment_status":"open","ping_status":"closed","template":"","meta":{"_acf_changed":false},"product_brand":[11681],"product_cat":[13948,13954],"product_tag":[],"class_list":{"0":"post-392909","1":"product","2":"type-product","3":"status-publish","4":"has-post-thumbnail","6":"product_brand-sg-accessories-bags","7":"product_cat-accesorios","8":"product_cat-acc-bolsas-y-mochilas","9":"tm-no-options","11":"first","12":"instock","13":"taxable","14":"shipping-taxable","15":"product-type-variable"},"acf":[],"_links":{"self":[{"href":"https:\/\/grupotextil.es\/ca\/wp-json\/wp\/v2\/product\/392909","targetHints":{"allow":["GET"]}}],"collection":[{"href":"https:\/\/grupotextil.es\/ca\/wp-json\/wp\/v2\/product"}],"about":[{"href":"https:\/\/grupotextil.es\/ca\/wp-json\/wp\/v2\/types\/product"}],"replies":[{"embeddable":true,"href":"https:\/\/grupotextil.es\/ca\/wp-json\/wp\/v2\/comments?post=392909"}],"wp:featuredmedia":[{"embeddable":true,"href":"https:\/\/grupotextil.es\/ca\/wp-json\/wp\/v2\/media\/424102"}],"wp:attachment":[{"href":"https:\/\/grupotextil.es\/ca\/wp-json\/wp\/v2\/media?parent=392909"}],"wp:term":[{"taxonomy":"product_brand","embeddable":true,"href":"https:\/\/grupotextil.es\/ca\/wp-json\/wp\/v2\/product_brand?post=392909"},{"taxonomy":"product_cat","embeddable":true,"href":"https:\/\/grupotextil.es\/ca\/wp-json\/wp\/v2\/product_cat?post=392909"},{"taxonomy":"product_tag","embeddable":true,"href":"https:\/\/grupotextil.es\/ca\/wp-json\/wp\/v2\/product_tag?post=392909"}],"curies":[{"name":"wp","href":"https:\/\/api.w.org\/{rel}","templated":true}]}}