{"id":392916,"date":"2026-03-08T04:47:43","date_gmt":"2026-03-08T03:47:43","guid":{"rendered":"https:\/\/grupotextil.es\/producto\/gorra-carbon-flexfit\/"},"modified":"2026-03-08T04:47:43","modified_gmt":"2026-03-08T03:47:43","slug":"gorra-carbon-flexfit","status":"publish","type":"product","link":"https:\/\/grupotextil.es\/ca\/product\/gorra-carbon-flexfit\/","title":{"rendered":"Cap Carbon Flexfit"},"content":{"rendered":"<ul>\n<li>73 % poli\u00e9ster, 27 % elastano<\/li>\n<li>Visera: 63% Poli\u00e9ster, 34% Viscosa, 3% Elastano<\/li>\n<li>bucar\u00e1n duro<\/li>\n<li>6 paneles<\/li>\n<li>Visera con \u00f3ptica de carbono<\/li>\n<li>Visera inferior a juego<\/li>\n<li>Banda el\u00e1stica integrada<\/li>\n<\/ul>","protected":false},"excerpt":{"rendered":"<p>73 % poli\u00e9ster, 27 % elastanoVisera: 63% Poli\u00e9ster, 34% Viscosa, 3% Elastanobucar\u00e1n duro6 panelesVisera con \u00f3ptica de carbonoVisera inferior a juegoBanda el\u00e1stica integrada<\/p>","protected":false},"featured_media":424107,"comment_status":"open","ping_status":"closed","template":"","meta":{"_acf_changed":false},"product_brand":[11678],"product_cat":[13948,13954],"product_tag":[],"class_list":{"0":"post-392916","1":"product","2":"type-product","3":"status-publish","4":"has-post-thumbnail","6":"product_brand-flexfit","7":"product_cat-accesorios","8":"product_cat-acc-bolsas-y-mochilas","9":"tm-no-options","11":"first","12":"instock","13":"taxable","14":"shipping-taxable","15":"product-type-variable"},"acf":[],"_links":{"self":[{"href":"https:\/\/grupotextil.es\/ca\/wp-json\/wp\/v2\/product\/392916","targetHints":{"allow":["GET"]}}],"collection":[{"href":"https:\/\/grupotextil.es\/ca\/wp-json\/wp\/v2\/product"}],"about":[{"href":"https:\/\/grupotextil.es\/ca\/wp-json\/wp\/v2\/types\/product"}],"replies":[{"embeddable":true,"href":"https:\/\/grupotextil.es\/ca\/wp-json\/wp\/v2\/comments?post=392916"}],"wp:featuredmedia":[{"embeddable":true,"href":"https:\/\/grupotextil.es\/ca\/wp-json\/wp\/v2\/media\/424107"}],"wp:attachment":[{"href":"https:\/\/grupotextil.es\/ca\/wp-json\/wp\/v2\/media?parent=392916"}],"wp:term":[{"taxonomy":"product_brand","embeddable":true,"href":"https:\/\/grupotextil.es\/ca\/wp-json\/wp\/v2\/product_brand?post=392916"},{"taxonomy":"product_cat","embeddable":true,"href":"https:\/\/grupotextil.es\/ca\/wp-json\/wp\/v2\/product_cat?post=392916"},{"taxonomy":"product_tag","embeddable":true,"href":"https:\/\/grupotextil.es\/ca\/wp-json\/wp\/v2\/product_tag?post=392916"}],"curies":[{"name":"wp","href":"https:\/\/api.w.org\/{rel}","templated":true}]}}