{"id":392947,"date":"2026-03-08T04:47:45","date_gmt":"2026-03-08T03:47:45","guid":{"rendered":"https:\/\/grupotextil.es\/producto\/mochila-de-algodon-con-cordones\/"},"modified":"2026-03-08T04:47:45","modified_gmt":"2026-03-08T03:47:45","slug":"mochila-de-algodon-con-cordones","status":"publish","type":"product","link":"https:\/\/grupotextil.es\/ca\/product\/mochila-de-algodon-con-cordones\/","title":{"rendered":"Mochila de algod\u00f3n con cordones"},"content":{"rendered":"<ul>\n<li>140 g\/m\u00b2<\/li>\n<li>100% algod\u00f3n<\/li>\n<li>Correa de transporte contr\u00e1ctil \u00fanica<\/li>\n<li>Apertura a presi\u00f3n con cordones<\/li>\n<li>Bucle de tela inferior para mayor resistencia y superficie de impresi\u00f3n<\/li>\n<li>Lavar a mano con agua tibia solamente<\/li>\n<li>Medidas: 38&#215;48 cm<\/li>\n<li>\u00c1rea m\u00e1xima de impresi\u00f3n: 30&#215;40 cm<\/li>\n<li>Apto para bordado, serigraf\u00eda y transfer print (bolsa planchada)<\/li>\n<\/ul>","protected":false},"excerpt":{"rendered":"<p>140 g\/m\u00b2100% algod\u00f3nCorrea de transporte contr\u00e1ctil \u00fanicaApertura a presi\u00f3n con cordonesBucle de tela inferior para mayor resistencia y superficie de impresi\u00f3nLavar a mano con agua tibia solamenteMedi<\/p>","protected":false},"featured_media":424161,"comment_status":"open","ping_status":"closed","template":"","meta":{"_acf_changed":false},"product_brand":[11681],"product_cat":[13948,13954],"product_tag":[],"class_list":{"0":"post-392947","1":"product","2":"type-product","3":"status-publish","4":"has-post-thumbnail","6":"product_brand-sg-accessories-bags","7":"product_cat-accesorios","8":"product_cat-acc-bolsas-y-mochilas","9":"tm-no-options","11":"first","12":"instock","13":"taxable","14":"shipping-taxable","15":"product-type-variable"},"acf":[],"_links":{"self":[{"href":"https:\/\/grupotextil.es\/ca\/wp-json\/wp\/v2\/product\/392947","targetHints":{"allow":["GET"]}}],"collection":[{"href":"https:\/\/grupotextil.es\/ca\/wp-json\/wp\/v2\/product"}],"about":[{"href":"https:\/\/grupotextil.es\/ca\/wp-json\/wp\/v2\/types\/product"}],"replies":[{"embeddable":true,"href":"https:\/\/grupotextil.es\/ca\/wp-json\/wp\/v2\/comments?post=392947"}],"wp:featuredmedia":[{"embeddable":true,"href":"https:\/\/grupotextil.es\/ca\/wp-json\/wp\/v2\/media\/424161"}],"wp:attachment":[{"href":"https:\/\/grupotextil.es\/ca\/wp-json\/wp\/v2\/media?parent=392947"}],"wp:term":[{"taxonomy":"product_brand","embeddable":true,"href":"https:\/\/grupotextil.es\/ca\/wp-json\/wp\/v2\/product_brand?post=392947"},{"taxonomy":"product_cat","embeddable":true,"href":"https:\/\/grupotextil.es\/ca\/wp-json\/wp\/v2\/product_cat?post=392947"},{"taxonomy":"product_tag","embeddable":true,"href":"https:\/\/grupotextil.es\/ca\/wp-json\/wp\/v2\/product_tag?post=392947"}],"curies":[{"name":"wp","href":"https:\/\/api.w.org\/{rel}","templated":true}]}}