{"id":393005,"date":"2026-03-08T04:47:57","date_gmt":"2026-03-08T03:47:57","guid":{"rendered":"https:\/\/grupotextil.es\/producto\/bolsa-de-lona-para-accesorios\/"},"modified":"2026-03-08T04:47:57","modified_gmt":"2026-03-08T03:47:57","slug":"bolsa-de-lona-para-accesorios","status":"publish","type":"product","link":"https:\/\/grupotextil.es\/ca\/product\/bolsa-de-lona-para-accesorios\/","title":{"rendered":"Bag Canvas para accesorios"},"content":{"rendered":"<ul>\n<li>280 g\/m\u00b2<\/li>\n<li>100% Algod\u00f3n (lona)<\/li>\n<li>Cremallera a juego<\/li>\n<li>Tirador de cremallera plateado con anilla de gran abertura (se puede colgar en las bolsas de la colecci\u00f3n)<\/li>\n<li>Lavar a mano con agua tibia solamente<\/li>\n<li>Medidas en cm: S: 22&#215;11, M: 25&#215;14, L: 28&#215;18<\/li>\n<li>\u00c1rea m\u00e1xima de impresi\u00f3n en cm: S: 17&#215;7, M: 20&#215;10, L: 23&#215;14<\/li>\n<li>Apto para bordado, serigraf\u00eda y transfer print<\/li>\n<\/ul>","protected":false},"excerpt":{"rendered":"<p>280 g\/m\u00b2100% Algod\u00f3n (lona)Cremallera a juegoTirador de cremallera plateado con anilla de gran abertura (se puede colgar en las bolsas de la colecci\u00f3n)Lavar a mano con agua tibia solamenteMedidas en c<\/p>","protected":false},"featured_media":424244,"comment_status":"open","ping_status":"closed","template":"","meta":{"_acf_changed":false},"product_brand":[11681],"product_cat":[13948,13954],"product_tag":[],"class_list":{"0":"post-393005","1":"product","2":"type-product","3":"status-publish","4":"has-post-thumbnail","6":"product_brand-sg-accessories-bags","7":"product_cat-accesorios","8":"product_cat-acc-bolsas-y-mochilas","9":"tm-no-options","11":"first","12":"instock","13":"taxable","14":"shipping-taxable","15":"product-type-variable"},"acf":[],"_links":{"self":[{"href":"https:\/\/grupotextil.es\/ca\/wp-json\/wp\/v2\/product\/393005","targetHints":{"allow":["GET"]}}],"collection":[{"href":"https:\/\/grupotextil.es\/ca\/wp-json\/wp\/v2\/product"}],"about":[{"href":"https:\/\/grupotextil.es\/ca\/wp-json\/wp\/v2\/types\/product"}],"replies":[{"embeddable":true,"href":"https:\/\/grupotextil.es\/ca\/wp-json\/wp\/v2\/comments?post=393005"}],"wp:featuredmedia":[{"embeddable":true,"href":"https:\/\/grupotextil.es\/ca\/wp-json\/wp\/v2\/media\/424244"}],"wp:attachment":[{"href":"https:\/\/grupotextil.es\/ca\/wp-json\/wp\/v2\/media?parent=393005"}],"wp:term":[{"taxonomy":"product_brand","embeddable":true,"href":"https:\/\/grupotextil.es\/ca\/wp-json\/wp\/v2\/product_brand?post=393005"},{"taxonomy":"product_cat","embeddable":true,"href":"https:\/\/grupotextil.es\/ca\/wp-json\/wp\/v2\/product_cat?post=393005"},{"taxonomy":"product_tag","embeddable":true,"href":"https:\/\/grupotextil.es\/ca\/wp-json\/wp\/v2\/product_tag?post=393005"}],"curies":[{"name":"wp","href":"https:\/\/api.w.org\/{rel}","templated":true}]}}