{"id":393057,"date":"2026-03-08T04:48:02","date_gmt":"2026-03-08T03:48:02","guid":{"rendered":"https:\/\/grupotextil.es\/producto\/bolsa-shopper-algodon-organico-premium\/"},"modified":"2026-03-08T04:48:02","modified_gmt":"2026-03-08T03:48:02","slug":"bolsa-shopper-algodon-organico-premium","status":"publish","type":"product","link":"https:\/\/grupotextil.es\/ca\/product\/bolsa-shopper-algodon-organico-premium\/","title":{"rendered":"Bag Shopper algod\u00f3n org\u00e1nico Premium"},"content":{"rendered":"<ul>\n<li>200 g\/m\u00b2<\/li>\n<li>100% Algod\u00f3n org\u00e1nico<\/li>\n<li>Algod\u00f3n premium para mayor resistencia<\/li>\n<li>Asas largas (longitud: 58 cm)<\/li>\n<li>Se puede llevar a mano o al hombro<\/li>\n<li>Buena superf\u00edcie de impresi\u00f3n para una decoraci\u00f3n \u00f3ptima.<\/li>\n<li>Capacidad: 18 litros<\/li>\n<li>Medidas: 35 x 39 x 13.5 cm.<\/li>\n<li>Max. bordado: 22 aro tubular<\/li>\n<li>Max. \u00c1rea de impresi\u00f3n: 38 x 25 cm.<\/li>\n<\/ul>","protected":false},"excerpt":{"rendered":"<p>200 g\/m\u00b2100% Algod\u00f3n org\u00e1nicoAlgod\u00f3n premium para mayor resistenciaAsas largas (longitud: 58 cm)Se puede llevar a mano o al hombroBuena superf\u00edcie de impresi\u00f3n para una decoraci\u00f3n \u00f3ptima.Capacidad:&#8230;<\/p>","protected":false},"featured_media":424286,"comment_status":"open","ping_status":"closed","template":"","meta":{"_acf_changed":false},"product_brand":[11680],"product_cat":[13948,13954],"product_tag":[],"class_list":{"0":"post-393057","1":"product","2":"type-product","3":"status-publish","4":"has-post-thumbnail","6":"product_brand-westford-mill","7":"product_cat-accesorios","8":"product_cat-acc-bolsas-y-mochilas","9":"tm-no-options","11":"first","12":"instock","13":"taxable","14":"shipping-taxable","15":"product-type-variable"},"acf":[],"_links":{"self":[{"href":"https:\/\/grupotextil.es\/ca\/wp-json\/wp\/v2\/product\/393057","targetHints":{"allow":["GET"]}}],"collection":[{"href":"https:\/\/grupotextil.es\/ca\/wp-json\/wp\/v2\/product"}],"about":[{"href":"https:\/\/grupotextil.es\/ca\/wp-json\/wp\/v2\/types\/product"}],"replies":[{"embeddable":true,"href":"https:\/\/grupotextil.es\/ca\/wp-json\/wp\/v2\/comments?post=393057"}],"wp:featuredmedia":[{"embeddable":true,"href":"https:\/\/grupotextil.es\/ca\/wp-json\/wp\/v2\/media\/424286"}],"wp:attachment":[{"href":"https:\/\/grupotextil.es\/ca\/wp-json\/wp\/v2\/media?parent=393057"}],"wp:term":[{"taxonomy":"product_brand","embeddable":true,"href":"https:\/\/grupotextil.es\/ca\/wp-json\/wp\/v2\/product_brand?post=393057"},{"taxonomy":"product_cat","embeddable":true,"href":"https:\/\/grupotextil.es\/ca\/wp-json\/wp\/v2\/product_cat?post=393057"},{"taxonomy":"product_tag","embeddable":true,"href":"https:\/\/grupotextil.es\/ca\/wp-json\/wp\/v2\/product_tag?post=393057"}],"curies":[{"name":"wp","href":"https:\/\/api.w.org\/{rel}","templated":true}]}}