{"id":393084,"date":"2026-03-08T04:48:06","date_gmt":"2026-03-08T03:48:06","guid":{"rendered":"https:\/\/grupotextil.es\/producto\/gorra-acolchada-diamond-flexfit\/"},"modified":"2026-03-08T04:48:06","modified_gmt":"2026-03-08T03:48:06","slug":"gorra-acolchada-diamond-flexfit","status":"publish","type":"product","link":"https:\/\/grupotextil.es\/ca\/product\/gorra-acolchada-diamond-flexfit\/","title":{"rendered":"Cap acolchada Diamond Flexfit"},"content":{"rendered":"<ul>\n<li>300 g\/m\u00b2<\/li>\n<li>Panel frontal: 65% Poliuretano, 35% Viscosa (Imitaci\u00f3n de cuero)<\/li>\n<li>Visera y parte trasera de la copa: 63 % poli\u00e9ster, 34 % algod\u00f3n, 3 % elastano (sarga peinada de lana)<\/li>\n<li>Forma cl\u00e1sica<\/li>\n<li>Tejido bucaram r\u00edgido<\/li>\n<li>5 paneles<\/li>\n<li>Visera con 8 filas de pespuntes<\/li>\n<li>Undervisor en color de contraste (Silver)<\/li>\n<li>Visera precurvada<\/li>\n<li>Banda el\u00e1stica integrada<\/li>\n<\/ul>","protected":false},"excerpt":{"rendered":"<p>300 g\/m\u00b2Panel frontal: 65% Poliuretano, 35% Viscosa (Imitaci\u00f3n de cuero)Visera y parte trasera de la copa: 63 % poli\u00e9ster, 34 % algod\u00f3n, 3 % elastano (sarga peinada de lana)Forma cl\u00e1sicaTejido bucaram<\/p>","protected":false},"featured_media":424340,"comment_status":"open","ping_status":"closed","template":"","meta":{"_acf_changed":false},"product_brand":[11678],"product_cat":[13948,13954],"product_tag":[],"class_list":{"0":"post-393084","1":"product","2":"type-product","3":"status-publish","4":"has-post-thumbnail","6":"product_brand-flexfit","7":"product_cat-accesorios","8":"product_cat-acc-bolsas-y-mochilas","9":"tm-no-options","11":"first","12":"instock","13":"taxable","14":"shipping-taxable","15":"product-type-variable"},"acf":[],"_links":{"self":[{"href":"https:\/\/grupotextil.es\/ca\/wp-json\/wp\/v2\/product\/393084","targetHints":{"allow":["GET"]}}],"collection":[{"href":"https:\/\/grupotextil.es\/ca\/wp-json\/wp\/v2\/product"}],"about":[{"href":"https:\/\/grupotextil.es\/ca\/wp-json\/wp\/v2\/types\/product"}],"replies":[{"embeddable":true,"href":"https:\/\/grupotextil.es\/ca\/wp-json\/wp\/v2\/comments?post=393084"}],"wp:featuredmedia":[{"embeddable":true,"href":"https:\/\/grupotextil.es\/ca\/wp-json\/wp\/v2\/media\/424340"}],"wp:attachment":[{"href":"https:\/\/grupotextil.es\/ca\/wp-json\/wp\/v2\/media?parent=393084"}],"wp:term":[{"taxonomy":"product_brand","embeddable":true,"href":"https:\/\/grupotextil.es\/ca\/wp-json\/wp\/v2\/product_brand?post=393084"},{"taxonomy":"product_cat","embeddable":true,"href":"https:\/\/grupotextil.es\/ca\/wp-json\/wp\/v2\/product_cat?post=393084"},{"taxonomy":"product_tag","embeddable":true,"href":"https:\/\/grupotextil.es\/ca\/wp-json\/wp\/v2\/product_tag?post=393084"}],"curies":[{"name":"wp","href":"https:\/\/api.w.org\/{rel}","templated":true}]}}