{"id":393093,"date":"2026-03-08T04:48:07","date_gmt":"2026-03-08T03:48:07","guid":{"rendered":"https:\/\/grupotextil.es\/producto\/gorro-con-vuelta-classics-thinsulate\/"},"modified":"2026-03-08T04:48:07","modified_gmt":"2026-03-08T03:48:07","slug":"gorro-con-vuelta-classics-thinsulate","status":"publish","type":"product","link":"https:\/\/grupotextil.es\/ca\/product\/gorro-con-vuelta-classics-thinsulate\/","title":{"rendered":"Beanie con vuelta Classics Thinsulate"},"content":{"rendered":"<ul>\n<li>100% poliacr\u00edlico (hipoalerg\u00e9nico)<\/li>\n<li>Resistente al viento y al agua<\/li>\n<li>Aislamiento Thinsulate\u2122<\/li>\n<li>La longitud es de aprox. 30 cm sin dobladillo<\/li>\n<li>Dise\u00f1o con vuelta para una decoraci\u00f3n \u00f3ptima<\/li>\n<\/ul>","protected":false},"excerpt":{"rendered":"<p>100% poliacr\u00edlico (hipoalerg\u00e9nico)Resistente al viento y al aguaAislamiento Thinsulate\u2122La longitud es de aprox.<\/p>","protected":false},"featured_media":424356,"comment_status":"open","ping_status":"closed","template":"","meta":{"_acf_changed":false},"product_brand":[11678],"product_cat":[13948,13954],"product_tag":[],"class_list":{"0":"post-393093","1":"product","2":"type-product","3":"status-publish","4":"has-post-thumbnail","6":"product_brand-flexfit","7":"product_cat-accesorios","8":"product_cat-acc-bolsas-y-mochilas","9":"tm-no-options","11":"first","12":"instock","13":"taxable","14":"shipping-taxable","15":"product-type-variable"},"acf":[],"_links":{"self":[{"href":"https:\/\/grupotextil.es\/ca\/wp-json\/wp\/v2\/product\/393093","targetHints":{"allow":["GET"]}}],"collection":[{"href":"https:\/\/grupotextil.es\/ca\/wp-json\/wp\/v2\/product"}],"about":[{"href":"https:\/\/grupotextil.es\/ca\/wp-json\/wp\/v2\/types\/product"}],"replies":[{"embeddable":true,"href":"https:\/\/grupotextil.es\/ca\/wp-json\/wp\/v2\/comments?post=393093"}],"wp:featuredmedia":[{"embeddable":true,"href":"https:\/\/grupotextil.es\/ca\/wp-json\/wp\/v2\/media\/424356"}],"wp:attachment":[{"href":"https:\/\/grupotextil.es\/ca\/wp-json\/wp\/v2\/media?parent=393093"}],"wp:term":[{"taxonomy":"product_brand","embeddable":true,"href":"https:\/\/grupotextil.es\/ca\/wp-json\/wp\/v2\/product_brand?post=393093"},{"taxonomy":"product_cat","embeddable":true,"href":"https:\/\/grupotextil.es\/ca\/wp-json\/wp\/v2\/product_cat?post=393093"},{"taxonomy":"product_tag","embeddable":true,"href":"https:\/\/grupotextil.es\/ca\/wp-json\/wp\/v2\/product_tag?post=393093"}],"curies":[{"name":"wp","href":"https:\/\/api.w.org\/{rel}","templated":true}]}}