{"id":393125,"date":"2026-03-08T04:48:09","date_gmt":"2026-03-08T03:48:09","guid":{"rendered":"https:\/\/grupotextil.es\/producto\/gorra-classics-kryptek-retrotrucker\/"},"modified":"2026-03-08T04:48:09","modified_gmt":"2026-03-08T03:48:09","slug":"gorra-classics-kryptek-retrotrucker","status":"publish","type":"product","link":"https:\/\/grupotextil.es\/ca\/product\/gorra-classics-kryptek-retrotrucker\/","title":{"rendered":"Cap Classics\u00ae Kryptek\u00ae RetroTrucker"},"content":{"rendered":"<ul>\n<li>190 g\/m\u00b2<\/li>\n<li>100% poli\u00e9ster<\/li>\n<li>Dise\u00f1o cr\u00edptico moderno<\/li>\n<li>Paneles de malla t\u00edpicos<\/li>\n<li>bucar\u00e1n duro<\/li>\n<li>6 paneles<\/li>\n<li>Visera con 8 filas de pespuntes<\/li>\n<li>Visera interior en color de contraste (Silver)<\/li>\n<li>Visera precurvada<\/li>\n<li>Cierre a presi\u00f3n<\/li>\n<\/ul>","protected":false},"excerpt":{"rendered":"<p>190 g\/m\u00b2100% poli\u00e9sterDise\u00f1o cr\u00edptico modernoPaneles de malla t\u00edpicosbucar\u00e1n duro6 panelesVisera con 8 filas de pespuntesVisera interior en color de contraste (Silver)Visera precurvadaCierre a presi\u00f3n<\/p>","protected":false},"featured_media":424402,"comment_status":"open","ping_status":"closed","template":"","meta":{"_acf_changed":false},"product_brand":[11678],"product_cat":[13948,13954],"product_tag":[],"class_list":{"0":"post-393125","1":"product","2":"type-product","3":"status-publish","4":"has-post-thumbnail","6":"product_brand-flexfit","7":"product_cat-accesorios","8":"product_cat-acc-bolsas-y-mochilas","9":"tm-no-options","11":"first","12":"instock","13":"taxable","14":"shipping-taxable","15":"product-type-variable"},"acf":[],"_links":{"self":[{"href":"https:\/\/grupotextil.es\/ca\/wp-json\/wp\/v2\/product\/393125","targetHints":{"allow":["GET"]}}],"collection":[{"href":"https:\/\/grupotextil.es\/ca\/wp-json\/wp\/v2\/product"}],"about":[{"href":"https:\/\/grupotextil.es\/ca\/wp-json\/wp\/v2\/types\/product"}],"replies":[{"embeddable":true,"href":"https:\/\/grupotextil.es\/ca\/wp-json\/wp\/v2\/comments?post=393125"}],"wp:featuredmedia":[{"embeddable":true,"href":"https:\/\/grupotextil.es\/ca\/wp-json\/wp\/v2\/media\/424402"}],"wp:attachment":[{"href":"https:\/\/grupotextil.es\/ca\/wp-json\/wp\/v2\/media?parent=393125"}],"wp:term":[{"taxonomy":"product_brand","embeddable":true,"href":"https:\/\/grupotextil.es\/ca\/wp-json\/wp\/v2\/product_brand?post=393125"},{"taxonomy":"product_cat","embeddable":true,"href":"https:\/\/grupotextil.es\/ca\/wp-json\/wp\/v2\/product_cat?post=393125"},{"taxonomy":"product_tag","embeddable":true,"href":"https:\/\/grupotextil.es\/ca\/wp-json\/wp\/v2\/product_tag?post=393125"}],"curies":[{"name":"wp","href":"https:\/\/api.w.org\/{rel}","templated":true}]}}