{"id":393603,"date":"2026-03-08T04:51:04","date_gmt":"2026-03-08T03:51:04","guid":{"rendered":"https:\/\/grupotextil.es\/producto\/camisa-oxford-manga-larga-mujer\/"},"modified":"2026-03-08T04:51:04","modified_gmt":"2026-03-08T03:51:04","slug":"camisa-oxford-manga-larga-mujer","status":"publish","type":"product","link":"https:\/\/grupotextil.es\/ca\/product\/camisa-oxford-manga-larga-mujer\/","title":{"rendered":"Shirt Oxford manga larga mujer"},"content":{"rendered":"<ul>\n<li>135 g\/m\u00b2 (White: 130 g\/m\u00b2)<\/li>\n<li>70% algod\u00f3n, 30% poli\u00e9ster<\/li>\n<li>F\u00e1cil cuidado<\/li>\n<li>Camisa Oxford de manga larga<\/li>\n<li>Cuello cl\u00e1sico<\/li>\n<li>Pu\u00f1os con 2 botones<\/li>\n<li>Botones de efecto n\u00e1car (para Black y Navy los botones son del mismo color de la prenda)<\/li>\n<li>Pinzas en el pecho y la espalda<\/li>\n<li>Dobladillo redondeado<\/li>\n<li>Bajo redondeado<\/li>\n<\/ul>","protected":false},"excerpt":{"rendered":"<p>135 g\/m\u00b2 (White: 130 g\/m\u00b2)70% algod\u00f3n, 30% poli\u00e9sterF\u00e1cil cuidadoCamisa Oxford de manga largaCuello cl\u00e1sicoPu\u00f1os con 2 botonesBotones de efecto n\u00e1car (para Black y Navy los botones son del mismo color<\/p>","protected":false},"featured_media":424689,"comment_status":"open","ping_status":"closed","template":"","meta":{"_acf_changed":false},"product_brand":[11665],"product_cat":[13938],"product_tag":[],"class_list":{"0":"post-393603","1":"product","2":"type-product","3":"status-publish","4":"has-post-thumbnail","6":"product_brand-fruit-of-the-loom","7":"product_cat-camisas-corporativas","8":"tm-no-options","10":"first","11":"instock","12":"taxable","13":"shipping-taxable","14":"product-type-variable"},"acf":[],"_links":{"self":[{"href":"https:\/\/grupotextil.es\/ca\/wp-json\/wp\/v2\/product\/393603","targetHints":{"allow":["GET"]}}],"collection":[{"href":"https:\/\/grupotextil.es\/ca\/wp-json\/wp\/v2\/product"}],"about":[{"href":"https:\/\/grupotextil.es\/ca\/wp-json\/wp\/v2\/types\/product"}],"replies":[{"embeddable":true,"href":"https:\/\/grupotextil.es\/ca\/wp-json\/wp\/v2\/comments?post=393603"}],"wp:featuredmedia":[{"embeddable":true,"href":"https:\/\/grupotextil.es\/ca\/wp-json\/wp\/v2\/media\/424689"}],"wp:attachment":[{"href":"https:\/\/grupotextil.es\/ca\/wp-json\/wp\/v2\/media?parent=393603"}],"wp:term":[{"taxonomy":"product_brand","embeddable":true,"href":"https:\/\/grupotextil.es\/ca\/wp-json\/wp\/v2\/product_brand?post=393603"},{"taxonomy":"product_cat","embeddable":true,"href":"https:\/\/grupotextil.es\/ca\/wp-json\/wp\/v2\/product_cat?post=393603"},{"taxonomy":"product_tag","embeddable":true,"href":"https:\/\/grupotextil.es\/ca\/wp-json\/wp\/v2\/product_tag?post=393603"}],"curies":[{"name":"wp","href":"https:\/\/api.w.org\/{rel}","templated":true}]}}