{"id":393648,"date":"2026-03-08T04:51:07","date_gmt":"2026-03-08T03:51:07","guid":{"rendered":"https:\/\/grupotextil.es\/producto\/camisa-workforce-manga-larga-hombre-classic-fit\/"},"modified":"2026-03-08T04:51:07","modified_gmt":"2026-03-08T03:51:07","slug":"camisa-workforce-manga-larga-hombre-classic-fit","status":"publish","type":"product","link":"https:\/\/grupotextil.es\/ca\/product\/camisa-workforce-manga-larga-hombre-classic-fit\/","title":{"rendered":"Shirt Workforce manga larga hombre cl\u00e1sica Fit"},"content":{"rendered":"<ul>\n<li>115 g\/m\u00b2<\/li>\n<li>65% poli\u00e9ster, 35% algod\u00f3n popelina<\/li>\n<li>Cuello entretelado pegado<\/li>\n<li>Bot\u00f3n para sujetar el cuello a la camisa<\/li>\n<li>Bolsillo opcional para poder coser en el pecho<\/li>\n<li>Costuras laterals y mangas a doble aguja<\/li>\n<li>Puntos en sisa a una aguja<\/li>\n<li>Canes\u00fa trasero<\/li>\n<li>Dobladillo redondeado<\/li>\n<li>Bot\u00f3n de repuesto<\/li>\n<li>Etiqueta tejida<\/li>\n<li>F\u00e1cil planchado<\/li>\n<\/ul>","protected":false},"excerpt":{"rendered":"<p>115 g\/m\u00b265% poli\u00e9ster, 35% algod\u00f3n popelinaCuello entretelado pegadoBot\u00f3n para sujetar el cuello a la camisaBolsillo opcional para poder coser en el pechoCosturas laterals y mangas a doble agujaPuntos<\/p>","protected":false},"featured_media":424705,"comment_status":"open","ping_status":"closed","template":"","meta":{"_acf_changed":false},"product_brand":[11672],"product_cat":[13938],"product_tag":[],"class_list":{"0":"post-393648","1":"product","2":"type-product","3":"status-publish","4":"has-post-thumbnail","6":"product_brand-kustom-kit","7":"product_cat-camisas-corporativas","8":"tm-no-options","10":"first","11":"instock","12":"taxable","13":"shipping-taxable","14":"product-type-variable"},"acf":[],"_links":{"self":[{"href":"https:\/\/grupotextil.es\/ca\/wp-json\/wp\/v2\/product\/393648","targetHints":{"allow":["GET"]}}],"collection":[{"href":"https:\/\/grupotextil.es\/ca\/wp-json\/wp\/v2\/product"}],"about":[{"href":"https:\/\/grupotextil.es\/ca\/wp-json\/wp\/v2\/types\/product"}],"replies":[{"embeddable":true,"href":"https:\/\/grupotextil.es\/ca\/wp-json\/wp\/v2\/comments?post=393648"}],"wp:featuredmedia":[{"embeddable":true,"href":"https:\/\/grupotextil.es\/ca\/wp-json\/wp\/v2\/media\/424705"}],"wp:attachment":[{"href":"https:\/\/grupotextil.es\/ca\/wp-json\/wp\/v2\/media?parent=393648"}],"wp:term":[{"taxonomy":"product_brand","embeddable":true,"href":"https:\/\/grupotextil.es\/ca\/wp-json\/wp\/v2\/product_brand?post=393648"},{"taxonomy":"product_cat","embeddable":true,"href":"https:\/\/grupotextil.es\/ca\/wp-json\/wp\/v2\/product_cat?post=393648"},{"taxonomy":"product_tag","embeddable":true,"href":"https:\/\/grupotextil.es\/ca\/wp-json\/wp\/v2\/product_tag?post=393648"}],"curies":[{"name":"wp","href":"https:\/\/api.w.org\/{rel}","templated":true}]}}