{"id":393761,"date":"2026-03-08T04:51:14","date_gmt":"2026-03-08T03:51:14","guid":{"rendered":"https:\/\/grupotextil.es\/producto\/camisa-manga-larga-ultimate-mujer\/"},"modified":"2026-03-08T04:51:14","modified_gmt":"2026-03-08T03:51:14","slug":"camisa-manga-larga-ultimate-mujer","status":"publish","type":"product","link":"https:\/\/grupotextil.es\/ca\/product\/camisa-manga-larga-ultimate-mujer\/","title":{"rendered":"Shirt manga larga Ultimate mujer"},"content":{"rendered":"<ul>\n<li>120 g\/m\u00b2<\/li>\n<li>100% algod\u00f3n micro sarga<\/li>\n<li>No necesita planchado, no se arruga<\/li>\n<li>Manga larga<\/li>\n<li>Cuello c\u00f3modo con puntas largas<\/li>\n<li>Botones del mismo tono que la prenda, cierre de doble bot\u00f3n<\/li>\n<li>Largo, borde de los pu\u00f1os cuadrado con cierre de un bot\u00f3n, posibilidad de usar gemelos<\/li>\n<li>Entallado<\/li>\n<li>Dobladillo redondeado<\/li>\n<li>Botones de repuesto<\/li>\n<\/ul>","protected":false},"excerpt":{"rendered":"<p>120 g\/m\u00b2100% algod\u00f3n micro sargaNo necesita planchado, no se arrugaManga largaCuello c\u00f3modo con puntas largasBotones del mismo tono que la prenda, cierre de doble bot\u00f3nLargo, borde de los pu\u00f1os cuadra<\/p>","protected":false},"featured_media":424746,"comment_status":"open","ping_status":"closed","template":"","meta":{"_acf_changed":false},"product_brand":[11670],"product_cat":[13938],"product_tag":[],"class_list":{"0":"post-393761","1":"product","2":"type-product","3":"status-publish","4":"has-post-thumbnail","6":"product_brand-russell-europe","7":"product_cat-camisas-corporativas","8":"tm-no-options","10":"first","11":"instock","12":"taxable","13":"shipping-taxable","14":"product-type-variable"},"acf":[],"_links":{"self":[{"href":"https:\/\/grupotextil.es\/ca\/wp-json\/wp\/v2\/product\/393761","targetHints":{"allow":["GET"]}}],"collection":[{"href":"https:\/\/grupotextil.es\/ca\/wp-json\/wp\/v2\/product"}],"about":[{"href":"https:\/\/grupotextil.es\/ca\/wp-json\/wp\/v2\/types\/product"}],"replies":[{"embeddable":true,"href":"https:\/\/grupotextil.es\/ca\/wp-json\/wp\/v2\/comments?post=393761"}],"wp:featuredmedia":[{"embeddable":true,"href":"https:\/\/grupotextil.es\/ca\/wp-json\/wp\/v2\/media\/424746"}],"wp:attachment":[{"href":"https:\/\/grupotextil.es\/ca\/wp-json\/wp\/v2\/media?parent=393761"}],"wp:term":[{"taxonomy":"product_brand","embeddable":true,"href":"https:\/\/grupotextil.es\/ca\/wp-json\/wp\/v2\/product_brand?post=393761"},{"taxonomy":"product_cat","embeddable":true,"href":"https:\/\/grupotextil.es\/ca\/wp-json\/wp\/v2\/product_cat?post=393761"},{"taxonomy":"product_tag","embeddable":true,"href":"https:\/\/grupotextil.es\/ca\/wp-json\/wp\/v2\/product_tag?post=393761"}],"curies":[{"name":"wp","href":"https:\/\/api.w.org\/{rel}","templated":true}]}}