{"id":393936,"date":"2026-03-08T04:51:32","date_gmt":"2026-03-08T03:51:32","guid":{"rendered":"https:\/\/grupotextil.es\/producto\/camisa-oxford-de-manga-larga-hombre\/"},"modified":"2026-03-08T04:51:32","modified_gmt":"2026-03-08T03:51:32","slug":"camisa-oxford-de-manga-larga-hombre","status":"publish","type":"product","link":"https:\/\/grupotextil.es\/ca\/product\/camisa-oxford-de-manga-larga-hombre\/","title":{"rendered":"Shirt Oxford de manga larga hombre"},"content":{"rendered":"<ul>\n<li>135 g\/m\u00b2 (White:130 g\/m\u00b2)<\/li>\n<li>70% algod\u00f3n, 30% poli\u00e9ster<\/li>\n<li>Manga larga<\/li>\n<li>Cuello endurecido<\/li>\n<li>Canes\u00fa trasero<\/li>\n<li>Botones del mismo color que la camisa<\/li>\n<li>Dobladillo doble en las mangas<\/li>\n<li>Elegante pu\u00f1o redondeado ajustable con 2 botones y con opci\u00f3n de gemelos<\/li>\n<li>Entallado<\/li>\n<li>Dobladillo redondeado<\/li>\n<li>Botones de repuesto<\/li>\n<li>F\u00e1cil cuidado<\/li>\n<\/ul>","protected":false},"excerpt":{"rendered":"<p>135 g\/m\u00b2 (White:130 g\/m\u00b2)70% algod\u00f3n, 30% poli\u00e9sterManga largaCuello endurecidoCanes\u00fa traseroBotones del mismo color que la camisaDobladillo doble en las mangasElegante pu\u00f1o redondeado ajustable con 2<\/p>","protected":false},"featured_media":424810,"comment_status":"open","ping_status":"closed","template":"","meta":{"_acf_changed":false},"product_brand":[11670],"product_cat":[13938],"product_tag":[],"class_list":{"0":"post-393936","1":"product","2":"type-product","3":"status-publish","4":"has-post-thumbnail","6":"product_brand-russell-europe","7":"product_cat-camisas-corporativas","8":"tm-no-options","10":"first","11":"instock","12":"taxable","13":"shipping-taxable","14":"product-type-variable"},"acf":[],"_links":{"self":[{"href":"https:\/\/grupotextil.es\/ca\/wp-json\/wp\/v2\/product\/393936","targetHints":{"allow":["GET"]}}],"collection":[{"href":"https:\/\/grupotextil.es\/ca\/wp-json\/wp\/v2\/product"}],"about":[{"href":"https:\/\/grupotextil.es\/ca\/wp-json\/wp\/v2\/types\/product"}],"replies":[{"embeddable":true,"href":"https:\/\/grupotextil.es\/ca\/wp-json\/wp\/v2\/comments?post=393936"}],"wp:featuredmedia":[{"embeddable":true,"href":"https:\/\/grupotextil.es\/ca\/wp-json\/wp\/v2\/media\/424810"}],"wp:attachment":[{"href":"https:\/\/grupotextil.es\/ca\/wp-json\/wp\/v2\/media?parent=393936"}],"wp:term":[{"taxonomy":"product_brand","embeddable":true,"href":"https:\/\/grupotextil.es\/ca\/wp-json\/wp\/v2\/product_brand?post=393936"},{"taxonomy":"product_cat","embeddable":true,"href":"https:\/\/grupotextil.es\/ca\/wp-json\/wp\/v2\/product_cat?post=393936"},{"taxonomy":"product_tag","embeddable":true,"href":"https:\/\/grupotextil.es\/ca\/wp-json\/wp\/v2\/product_tag?post=393936"}],"curies":[{"name":"wp","href":"https:\/\/api.w.org\/{rel}","templated":true}]}}