{"id":393981,"date":"2026-03-08T04:51:34","date_gmt":"2026-03-08T03:51:34","guid":{"rendered":"https:\/\/grupotextil.es\/producto\/camisa-oxford-manga-larga-mujer-2\/"},"modified":"2026-03-08T04:51:34","modified_gmt":"2026-03-08T03:51:34","slug":"camisa-oxford-manga-larga-mujer-2","status":"publish","type":"product","link":"https:\/\/grupotextil.es\/ca\/product\/camisa-oxford-manga-larga-mujer-2\/","title":{"rendered":"Shirt Oxford manga larga mujer"},"content":{"rendered":"<ul>\n<li>135 g\/m\u00b2<\/li>\n<li>70% algod\u00f3n, 30% poli\u00e9ster<\/li>\n<li>Cuello femenino de fundido suave<\/li>\n<li>Pinzas en pecho, panel frontal y panel trasero para un corte ajustado<\/li>\n<li>Pu\u00f1os redondeados ajustables con 2 botones con ojal adicional para gemelos<\/li>\n<li>Botones con efecto n\u00e1car en mismo color y puntada en cruz (excepto en color Azul Oxford que tiene los botones de efecto n\u00e1car en blanco)<\/li>\n<li>\u00daltimo ojal en horizontal<\/li>\n<li>Dobladillo redondeado y moderno<\/li>\n<li>Bot\u00f3n de repuesto<\/li>\n<li>Tejido Oxford de alta calidad con acabado Easy Care<\/li>\n<\/ul>","protected":false},"excerpt":{"rendered":"<p>135 g\/m\u00b270% algod\u00f3n, 30% poli\u00e9sterCuello femenino de fundido suavePinzas en pecho, panel frontal y panel trasero para un corte ajustadoPu\u00f1os redondeados ajustables con 2 botones con ojal adicional par<\/p>","protected":false},"featured_media":424825,"comment_status":"open","ping_status":"closed","template":"","meta":{"_acf_changed":false},"product_brand":[11653],"product_cat":[13938],"product_tag":[],"class_list":{"0":"post-393981","1":"product","2":"type-product","3":"status-publish","4":"has-post-thumbnail","6":"product_brand-b-c","7":"product_cat-camisas-corporativas","8":"tm-no-options","10":"first","11":"instock","12":"taxable","13":"shipping-taxable","14":"product-type-variable"},"acf":[],"_links":{"self":[{"href":"https:\/\/grupotextil.es\/ca\/wp-json\/wp\/v2\/product\/393981","targetHints":{"allow":["GET"]}}],"collection":[{"href":"https:\/\/grupotextil.es\/ca\/wp-json\/wp\/v2\/product"}],"about":[{"href":"https:\/\/grupotextil.es\/ca\/wp-json\/wp\/v2\/types\/product"}],"replies":[{"embeddable":true,"href":"https:\/\/grupotextil.es\/ca\/wp-json\/wp\/v2\/comments?post=393981"}],"wp:featuredmedia":[{"embeddable":true,"href":"https:\/\/grupotextil.es\/ca\/wp-json\/wp\/v2\/media\/424825"}],"wp:attachment":[{"href":"https:\/\/grupotextil.es\/ca\/wp-json\/wp\/v2\/media?parent=393981"}],"wp:term":[{"taxonomy":"product_brand","embeddable":true,"href":"https:\/\/grupotextil.es\/ca\/wp-json\/wp\/v2\/product_brand?post=393981"},{"taxonomy":"product_cat","embeddable":true,"href":"https:\/\/grupotextil.es\/ca\/wp-json\/wp\/v2\/product_cat?post=393981"},{"taxonomy":"product_tag","embeddable":true,"href":"https:\/\/grupotextil.es\/ca\/wp-json\/wp\/v2\/product_tag?post=393981"}],"curies":[{"name":"wp","href":"https:\/\/api.w.org\/{rel}","templated":true}]}}