{"id":394045,"date":"2026-03-08T04:51:37","date_gmt":"2026-03-08T03:51:37","guid":{"rendered":"https:\/\/grupotextil.es\/producto\/camisa-oxford-manga-corta-mujer\/"},"modified":"2026-03-08T04:51:37","modified_gmt":"2026-03-08T03:51:37","slug":"camisa-oxford-manga-corta-mujer","status":"publish","type":"product","link":"https:\/\/grupotextil.es\/ca\/product\/camisa-oxford-manga-corta-mujer\/","title":{"rendered":"Shirt Oxford manga corta mujer"},"content":{"rendered":"<ul>\n<li>135 g\/m\u00b2<\/li>\n<li>70% algod\u00f3n peinado, 30% poli\u00e9ster<\/li>\n<li>Cuello femenino muy suave<\/li>\n<li>Pinzas en pecho, panel frontal y panel posterior para un corte ajustado<\/li>\n<li>Botones con efecto n\u00e1car del mismo color y puntada cruzada (excepto en Oxford Blue que tiene los botones efecto n\u00e1car en blanco)<\/li>\n<li>\u00daltimo ojal en horizontal<\/li>\n<li>Bajo redondeado moderno<\/li>\n<li>Bot\u00f3n de repuesto<\/li>\n<li>Tejido Oxford de alta calidad con acabado Easy Care<\/li>\n<\/ul>","protected":false},"excerpt":{"rendered":"<p>135 g\/m\u00b270% algod\u00f3n peinado, 30% poli\u00e9sterCuello femenino muy suavePinzas en pecho, panel frontal y panel posterior para un corte ajustadoBotones con efecto n\u00e1car del mismo color y puntada cruzada (ex<\/p>","protected":false},"featured_media":424845,"comment_status":"open","ping_status":"closed","template":"","meta":{"_acf_changed":false},"product_brand":[11653],"product_cat":[13938],"product_tag":[],"class_list":{"0":"post-394045","1":"product","2":"type-product","3":"status-publish","4":"has-post-thumbnail","6":"product_brand-b-c","7":"product_cat-camisas-corporativas","8":"tm-no-options","10":"first","11":"instock","12":"taxable","13":"shipping-taxable","14":"product-type-variable"},"acf":[],"_links":{"self":[{"href":"https:\/\/grupotextil.es\/ca\/wp-json\/wp\/v2\/product\/394045","targetHints":{"allow":["GET"]}}],"collection":[{"href":"https:\/\/grupotextil.es\/ca\/wp-json\/wp\/v2\/product"}],"about":[{"href":"https:\/\/grupotextil.es\/ca\/wp-json\/wp\/v2\/types\/product"}],"replies":[{"embeddable":true,"href":"https:\/\/grupotextil.es\/ca\/wp-json\/wp\/v2\/comments?post=394045"}],"wp:featuredmedia":[{"embeddable":true,"href":"https:\/\/grupotextil.es\/ca\/wp-json\/wp\/v2\/media\/424845"}],"wp:attachment":[{"href":"https:\/\/grupotextil.es\/ca\/wp-json\/wp\/v2\/media?parent=394045"}],"wp:term":[{"taxonomy":"product_brand","embeddable":true,"href":"https:\/\/grupotextil.es\/ca\/wp-json\/wp\/v2\/product_brand?post=394045"},{"taxonomy":"product_cat","embeddable":true,"href":"https:\/\/grupotextil.es\/ca\/wp-json\/wp\/v2\/product_cat?post=394045"},{"taxonomy":"product_tag","embeddable":true,"href":"https:\/\/grupotextil.es\/ca\/wp-json\/wp\/v2\/product_tag?post=394045"}],"curies":[{"name":"wp","href":"https:\/\/api.w.org\/{rel}","templated":true}]}}