{"id":394085,"date":"2026-03-08T04:51:39","date_gmt":"2026-03-08T03:51:39","guid":{"rendered":"https:\/\/grupotextil.es\/producto\/camisa-popelina-manga-larga-mujer\/"},"modified":"2026-03-08T04:51:39","modified_gmt":"2026-03-08T03:51:39","slug":"camisa-popelina-manga-larga-mujer","status":"publish","type":"product","link":"https:\/\/grupotextil.es\/ca\/product\/camisa-popelina-manga-larga-mujer\/","title":{"rendered":"Shirt Popelina manga larga mujer"},"content":{"rendered":"<ul>\n<li>115 g\/m\u00b2 (White: 110 g\/m\u00b2)<\/li>\n<li>65% poli\u00e9ster, 35% algod\u00f3n<\/li>\n<li>Manga larga<\/li>\n<li>Tapeta oculta<\/li>\n<li>Pinzas en la parte frontal y panel posterior<\/li>\n<li>Pu\u00f1os redondeados con dos botones<\/li>\n<li>Estilo entallado con forma en la cintura, busto, pinzas dobladillo delantero y trasero<\/li>\n<li>Puntos decorativos en las pinzas<\/li>\n<li>Dobladillo redondeado<\/li>\n<li>Botones de repuesto<\/li>\n<li>F\u00e1cil cuidado<\/li>\n<\/ul>","protected":false},"excerpt":{"rendered":"<p>115 g\/m\u00b2 (White: 110 g\/m\u00b2)65% poli\u00e9ster, 35% algod\u00f3nManga largaTapeta ocultaPinzas en la parte frontal y panel posteriorPu\u00f1os redondeados con dos botonesEstilo entallado con forma en la cintura, busto<\/p>","protected":false},"featured_media":424854,"comment_status":"open","ping_status":"closed","template":"","meta":{"_acf_changed":false},"product_brand":[11670],"product_cat":[13938],"product_tag":[],"class_list":{"0":"post-394085","1":"product","2":"type-product","3":"status-publish","4":"has-post-thumbnail","6":"product_brand-russell-europe","7":"product_cat-camisas-corporativas","8":"tm-no-options","10":"first","11":"instock","12":"taxable","13":"shipping-taxable","14":"product-type-variable"},"acf":[],"_links":{"self":[{"href":"https:\/\/grupotextil.es\/ca\/wp-json\/wp\/v2\/product\/394085","targetHints":{"allow":["GET"]}}],"collection":[{"href":"https:\/\/grupotextil.es\/ca\/wp-json\/wp\/v2\/product"}],"about":[{"href":"https:\/\/grupotextil.es\/ca\/wp-json\/wp\/v2\/types\/product"}],"replies":[{"embeddable":true,"href":"https:\/\/grupotextil.es\/ca\/wp-json\/wp\/v2\/comments?post=394085"}],"wp:featuredmedia":[{"embeddable":true,"href":"https:\/\/grupotextil.es\/ca\/wp-json\/wp\/v2\/media\/424854"}],"wp:attachment":[{"href":"https:\/\/grupotextil.es\/ca\/wp-json\/wp\/v2\/media?parent=394085"}],"wp:term":[{"taxonomy":"product_brand","embeddable":true,"href":"https:\/\/grupotextil.es\/ca\/wp-json\/wp\/v2\/product_brand?post=394085"},{"taxonomy":"product_cat","embeddable":true,"href":"https:\/\/grupotextil.es\/ca\/wp-json\/wp\/v2\/product_cat?post=394085"},{"taxonomy":"product_tag","embeddable":true,"href":"https:\/\/grupotextil.es\/ca\/wp-json\/wp\/v2\/product_tag?post=394085"}],"curies":[{"name":"wp","href":"https:\/\/api.w.org\/{rel}","templated":true}]}}