{"id":394211,"date":"2026-03-08T04:52:52","date_gmt":"2026-03-08T03:52:52","guid":{"rendered":"https:\/\/grupotextil.es\/producto\/chaqueta-softshell-navigate-con-capucha-de-2-capas\/"},"modified":"2026-03-08T04:52:52","modified_gmt":"2026-03-08T03:52:52","slug":"chaqueta-softshell-navigate-con-capucha-de-2-capas","status":"publish","type":"product","link":"https:\/\/grupotextil.es\/ca\/product\/chaqueta-softshell-navigate-con-capucha-de-2-capas\/","title":{"rendered":"Chaqueta Softshell Navigate con capucha de 2 capas"},"content":{"rendered":"<ul>\n<li>100% Poli\u00e9ster (Reciclado)<\/li>\n<li>Tejido softshell con elasticidad mec\u00e1nica<\/li>\n<li>Tejido exterior softshell imprimible repelente al viento y al agua<\/li>\n<li>Forro polar c\u00e1lido<\/li>\n<li>Crecido en capucha con ajustadores.<\/li>\n<li>Mangas ajustadas<\/li>\n<li>Cremallera completa en color de contraste.<\/li>\n<li>Bolsillos laterales con cremallera en color de contraste.<\/li>\n<li>Bolsillo en el pecho con cremallera en color de contraste.<\/li>\n<\/ul>","protected":false},"excerpt":{"rendered":"<p>100% Poli\u00e9ster (Reciclado)Tejido softshell con elasticidad mec\u00e1nicaTejido exterior softshell imprimible repelente al viento y al aguaForro polar c\u00e1lidoCrecido en capucha con ajustadores.<\/p>","protected":false},"featured_media":424885,"comment_status":"open","ping_status":"closed","template":"","meta":{"_acf_changed":false},"product_brand":[11656],"product_cat":[13938],"product_tag":[],"class_list":{"0":"post-394211","1":"product","2":"type-product","3":"status-publish","4":"has-post-thumbnail","6":"product_brand-regatta","7":"product_cat-camisas-corporativas","8":"tm-no-options","10":"first","11":"instock","12":"taxable","13":"shipping-taxable","14":"product-type-variable"},"acf":[],"_links":{"self":[{"href":"https:\/\/grupotextil.es\/ca\/wp-json\/wp\/v2\/product\/394211","targetHints":{"allow":["GET"]}}],"collection":[{"href":"https:\/\/grupotextil.es\/ca\/wp-json\/wp\/v2\/product"}],"about":[{"href":"https:\/\/grupotextil.es\/ca\/wp-json\/wp\/v2\/types\/product"}],"replies":[{"embeddable":true,"href":"https:\/\/grupotextil.es\/ca\/wp-json\/wp\/v2\/comments?post=394211"}],"wp:featuredmedia":[{"embeddable":true,"href":"https:\/\/grupotextil.es\/ca\/wp-json\/wp\/v2\/media\/424885"}],"wp:attachment":[{"href":"https:\/\/grupotextil.es\/ca\/wp-json\/wp\/v2\/media?parent=394211"}],"wp:term":[{"taxonomy":"product_brand","embeddable":true,"href":"https:\/\/grupotextil.es\/ca\/wp-json\/wp\/v2\/product_brand?post=394211"},{"taxonomy":"product_cat","embeddable":true,"href":"https:\/\/grupotextil.es\/ca\/wp-json\/wp\/v2\/product_cat?post=394211"},{"taxonomy":"product_tag","embeddable":true,"href":"https:\/\/grupotextil.es\/ca\/wp-json\/wp\/v2\/product_tag?post=394211"}],"curies":[{"name":"wp","href":"https:\/\/api.w.org\/{rel}","templated":true}]}}