{"id":394398,"date":"2026-03-08T04:55:32","date_gmt":"2026-03-08T03:55:32","guid":{"rendered":"https:\/\/grupotextil.es\/producto\/camisa-popelina-manga-larga-hombre\/"},"modified":"2026-03-08T04:55:32","modified_gmt":"2026-03-08T03:55:32","slug":"camisa-popelina-manga-larga-hombre","status":"publish","type":"product","link":"https:\/\/grupotextil.es\/ca\/product\/camisa-popelina-manga-larga-hombre\/","title":{"rendered":"Shirt Popelina manga larga hombre"},"content":{"rendered":"<ul>\n<li>115 g\/m\u00b2 (White: 110 g\/m\u00b2)<\/li>\n<li>65% poli\u00e9ster, 35% algod\u00f3n<\/li>\n<li>Manga larga<\/li>\n<li>Cuello endurecido<\/li>\n<li>Dise\u00f1o elegante de canes\u00fa<\/li>\n<li>Botons del mismo color de la prenda<\/li>\n<li>Borde elegante, pu\u00f1os ajustables redondeados de 2 botones (con opci\u00f3n de gemelos)<\/li>\n<li>Corte ajustado<\/li>\n<li>Dobladillo redondeado<\/li>\n<li>Botones de repuesto<\/li>\n<li>F\u00e1cil cuidado<\/li>\n<\/ul>","protected":false},"excerpt":{"rendered":"<p>115 g\/m\u00b2 (White: 110 g\/m\u00b2)65% poli\u00e9ster, 35% algod\u00f3nManga largaCuello endurecidoDise\u00f1o elegante de canes\u00faBotons del mismo color de la prendaBorde elegante, pu\u00f1os ajustables redondeados de 2 botones (c<\/p>","protected":false},"featured_media":424929,"comment_status":"open","ping_status":"closed","template":"","meta":{"_acf_changed":false},"product_brand":[11670],"product_cat":[13938],"product_tag":[],"class_list":{"0":"post-394398","1":"product","2":"type-product","3":"status-publish","4":"has-post-thumbnail","6":"product_brand-russell-europe","7":"product_cat-camisas-corporativas","8":"tm-no-options","10":"first","11":"instock","12":"taxable","13":"shipping-taxable","14":"product-type-variable"},"acf":[],"_links":{"self":[{"href":"https:\/\/grupotextil.es\/ca\/wp-json\/wp\/v2\/product\/394398","targetHints":{"allow":["GET"]}}],"collection":[{"href":"https:\/\/grupotextil.es\/ca\/wp-json\/wp\/v2\/product"}],"about":[{"href":"https:\/\/grupotextil.es\/ca\/wp-json\/wp\/v2\/types\/product"}],"replies":[{"embeddable":true,"href":"https:\/\/grupotextil.es\/ca\/wp-json\/wp\/v2\/comments?post=394398"}],"wp:featuredmedia":[{"embeddable":true,"href":"https:\/\/grupotextil.es\/ca\/wp-json\/wp\/v2\/media\/424929"}],"wp:attachment":[{"href":"https:\/\/grupotextil.es\/ca\/wp-json\/wp\/v2\/media?parent=394398"}],"wp:term":[{"taxonomy":"product_brand","embeddable":true,"href":"https:\/\/grupotextil.es\/ca\/wp-json\/wp\/v2\/product_brand?post=394398"},{"taxonomy":"product_cat","embeddable":true,"href":"https:\/\/grupotextil.es\/ca\/wp-json\/wp\/v2\/product_cat?post=394398"},{"taxonomy":"product_tag","embeddable":true,"href":"https:\/\/grupotextil.es\/ca\/wp-json\/wp\/v2\/product_tag?post=394398"}],"curies":[{"name":"wp","href":"https:\/\/api.w.org\/{rel}","templated":true}]}}