{"id":394490,"date":"2026-03-08T04:56:13","date_gmt":"2026-03-08T03:56:13","guid":{"rendered":"https:\/\/grupotextil.es\/producto\/chaleco-softshell-2-capas-ascender\/"},"modified":"2026-03-08T04:56:13","modified_gmt":"2026-03-08T03:56:13","slug":"chaleco-softshell-2-capas-ascender","status":"publish","type":"product","link":"https:\/\/grupotextil.es\/ca\/product\/chaleco-softshell-2-capas-ascender\/","title":{"rendered":"Vest Softshell 2 Layer Ascender"},"content":{"rendered":"<ul>\n<li>100% Poli\u00e9ster (Reciclado)<\/li>\n<li>Tejido softshell con elasticidad mec\u00e1nica<\/li>\n<li>Tejido exterior softshell imprimible repelente al viento y al agua<\/li>\n<li>Forro polar c\u00e1lido<\/li>\n<li>Cremallera completa<\/li>\n<li>Bolsillos laterales con cremallera.<\/li>\n<\/ul>","protected":false},"excerpt":{"rendered":"<p>100% Poli\u00e9ster (Reciclado)Tejido softshell con elasticidad mec\u00e1nicaTejido exterior softshell imprimible repelente al viento y al aguaForro polar c\u00e1lidoCremallera completaBolsillos laterales con cre&#8230;<\/p>","protected":false},"featured_media":424962,"comment_status":"open","ping_status":"closed","template":"","meta":{"_acf_changed":false},"product_brand":[11656],"product_cat":[13938],"product_tag":[],"class_list":{"0":"post-394490","1":"product","2":"type-product","3":"status-publish","4":"has-post-thumbnail","6":"product_brand-regatta","7":"product_cat-camisas-corporativas","8":"tm-no-options","10":"first","11":"instock","12":"taxable","13":"shipping-taxable","14":"product-type-variable"},"acf":[],"_links":{"self":[{"href":"https:\/\/grupotextil.es\/ca\/wp-json\/wp\/v2\/product\/394490","targetHints":{"allow":["GET"]}}],"collection":[{"href":"https:\/\/grupotextil.es\/ca\/wp-json\/wp\/v2\/product"}],"about":[{"href":"https:\/\/grupotextil.es\/ca\/wp-json\/wp\/v2\/types\/product"}],"replies":[{"embeddable":true,"href":"https:\/\/grupotextil.es\/ca\/wp-json\/wp\/v2\/comments?post=394490"}],"wp:featuredmedia":[{"embeddable":true,"href":"https:\/\/grupotextil.es\/ca\/wp-json\/wp\/v2\/media\/424962"}],"wp:attachment":[{"href":"https:\/\/grupotextil.es\/ca\/wp-json\/wp\/v2\/media?parent=394490"}],"wp:term":[{"taxonomy":"product_brand","embeddable":true,"href":"https:\/\/grupotextil.es\/ca\/wp-json\/wp\/v2\/product_brand?post=394490"},{"taxonomy":"product_cat","embeddable":true,"href":"https:\/\/grupotextil.es\/ca\/wp-json\/wp\/v2\/product_cat?post=394490"},{"taxonomy":"product_tag","embeddable":true,"href":"https:\/\/grupotextil.es\/ca\/wp-json\/wp\/v2\/product_tag?post=394490"}],"curies":[{"name":"wp","href":"https:\/\/api.w.org\/{rel}","templated":true}]}}