{"id":394689,"date":"2026-03-08T04:59:03","date_gmt":"2026-03-08T03:59:03","guid":{"rendered":"https:\/\/grupotextil.es\/producto\/camisa-popelina-elastan-black-tie-lsl-men-shirt\/"},"modified":"2026-03-08T04:59:03","modified_gmt":"2026-03-08T03:59:03","slug":"camisa-popelina-elastan-black-tie-lsl-men-shirt","status":"publish","type":"product","link":"https:\/\/grupotextil.es\/ca\/product\/camisa-popelina-elastan-black-tie-lsl-men-shirt\/","title":{"rendered":"Camisa Popelina Elast\u00e1n Black Tie LSLMen Camisa"},"content":{"rendered":"<ul>\n<li>135 g\/m\u00b2<\/li>\n<li>97% Algod\u00f3n peinado, 3% Elast\u00e1n<\/li>\n<li>Cuello entallado con 2 botones<\/li>\n<li>Botones con efecto n\u00e1car y puntada cruzada<\/li>\n<li>\u00daltimo ojal en horizontal<\/li>\n<li>Pinzas en el panel posterior para un corte entallado contempor\u00e1neo<\/li>\n<li>Pu\u00f1os de corte en \u00e1ngulo, ajustables con 2 botones y un ojal adicional para gemelos<\/li>\n<li>Costuras laterales y de manga con doble plegado<\/li>\n<li>Dobladillo redondeado con refuerzos laterales de forma cuadrada<\/li>\n<li>2 botones de repuesto<\/li>\n<li>Tejido de popelina stretch suave<\/li>\n<\/ul>","protected":false},"excerpt":{"rendered":"<p>135 g\/m\u00b297% Algod\u00f3n peinado, 3% Elast\u00e1nCuello entallado con 2 botonesBotones con efecto n\u00e1car y puntada cruzada\u00daltimo ojal en horizontalPinzas en el panel posterior para un corte entallado contempor\u00e1n<\/p>","protected":false},"featured_media":425023,"comment_status":"open","ping_status":"closed","template":"","meta":{"_acf_changed":false},"product_brand":[11653],"product_cat":[13938],"product_tag":[],"class_list":{"0":"post-394689","1":"product","2":"type-product","3":"status-publish","4":"has-post-thumbnail","6":"product_brand-b-c","7":"product_cat-camisas-corporativas","8":"tm-no-options","10":"first","11":"instock","12":"taxable","13":"shipping-taxable","14":"product-type-variable"},"acf":[],"_links":{"self":[{"href":"https:\/\/grupotextil.es\/ca\/wp-json\/wp\/v2\/product\/394689","targetHints":{"allow":["GET"]}}],"collection":[{"href":"https:\/\/grupotextil.es\/ca\/wp-json\/wp\/v2\/product"}],"about":[{"href":"https:\/\/grupotextil.es\/ca\/wp-json\/wp\/v2\/types\/product"}],"replies":[{"embeddable":true,"href":"https:\/\/grupotextil.es\/ca\/wp-json\/wp\/v2\/comments?post=394689"}],"wp:featuredmedia":[{"embeddable":true,"href":"https:\/\/grupotextil.es\/ca\/wp-json\/wp\/v2\/media\/425023"}],"wp:attachment":[{"href":"https:\/\/grupotextil.es\/ca\/wp-json\/wp\/v2\/media?parent=394689"}],"wp:term":[{"taxonomy":"product_brand","embeddable":true,"href":"https:\/\/grupotextil.es\/ca\/wp-json\/wp\/v2\/product_brand?post=394689"},{"taxonomy":"product_cat","embeddable":true,"href":"https:\/\/grupotextil.es\/ca\/wp-json\/wp\/v2\/product_cat?post=394689"},{"taxonomy":"product_tag","embeddable":true,"href":"https:\/\/grupotextil.es\/ca\/wp-json\/wp\/v2\/product_tag?post=394689"}],"curies":[{"name":"wp","href":"https:\/\/api.w.org\/{rel}","templated":true}]}}