{"id":394748,"date":"2026-03-08T04:59:07","date_gmt":"2026-03-08T03:59:07","guid":{"rendered":"https:\/\/grupotextil.es\/producto\/camisa-city-business\/"},"modified":"2026-03-08T04:59:07","modified_gmt":"2026-03-08T03:59:07","slug":"camisa-city-business","status":"publish","type":"product","link":"https:\/\/grupotextil.es\/ca\/product\/camisa-city-business\/","title":{"rendered":"Camisa City Business"},"content":{"rendered":"<ul>\n<li>120 \/ 125 g\/m\u00b2<\/li>\n<li>100% algod\u00f3n de f\u00e1cil cuidado<\/li>\n<li>Cuello entretelado pegado<\/li>\n<li>Bot\u00f3n para sujetar el cuello a la camisa<\/li>\n<li>Sisas con puntada de una aguja<\/li>\n<li>Costuras laterales y mangas con puntada de doble aguja<\/li>\n<li>Canes\u00fa trasero<\/li>\n<li>Bajo redondeado<\/li>\n<li>2 botones de repuesto<\/li>\n<li>Etiqueta Kustom Kit tejida<\/li>\n<li>F\u00e1cil planchado<\/li>\n<\/ul>","protected":false},"excerpt":{"rendered":"<p>120 \/ 125 g\/m\u00b2100% algod\u00f3n de f\u00e1cil cuidadoCuello entretelado pegadoBot\u00f3n para sujetar el cuello a la camisaSisas con puntada de una agujaCosturas laterales y mangas con puntada de doble agujaCanes\u00fa t<\/p>","protected":false},"featured_media":425055,"comment_status":"open","ping_status":"closed","template":"","meta":{"_acf_changed":false},"product_brand":[11672],"product_cat":[13938],"product_tag":[],"class_list":{"0":"post-394748","1":"product","2":"type-product","3":"status-publish","4":"has-post-thumbnail","6":"product_brand-kustom-kit","7":"product_cat-camisas-corporativas","8":"tm-no-options","10":"first","11":"instock","12":"taxable","13":"shipping-taxable","14":"product-type-variable"},"acf":[],"_links":{"self":[{"href":"https:\/\/grupotextil.es\/ca\/wp-json\/wp\/v2\/product\/394748","targetHints":{"allow":["GET"]}}],"collection":[{"href":"https:\/\/grupotextil.es\/ca\/wp-json\/wp\/v2\/product"}],"about":[{"href":"https:\/\/grupotextil.es\/ca\/wp-json\/wp\/v2\/types\/product"}],"replies":[{"embeddable":true,"href":"https:\/\/grupotextil.es\/ca\/wp-json\/wp\/v2\/comments?post=394748"}],"wp:featuredmedia":[{"embeddable":true,"href":"https:\/\/grupotextil.es\/ca\/wp-json\/wp\/v2\/media\/425055"}],"wp:attachment":[{"href":"https:\/\/grupotextil.es\/ca\/wp-json\/wp\/v2\/media?parent=394748"}],"wp:term":[{"taxonomy":"product_brand","embeddable":true,"href":"https:\/\/grupotextil.es\/ca\/wp-json\/wp\/v2\/product_brand?post=394748"},{"taxonomy":"product_cat","embeddable":true,"href":"https:\/\/grupotextil.es\/ca\/wp-json\/wp\/v2\/product_cat?post=394748"},{"taxonomy":"product_tag","embeddable":true,"href":"https:\/\/grupotextil.es\/ca\/wp-json\/wp\/v2\/product_tag?post=394748"}],"curies":[{"name":"wp","href":"https:\/\/api.w.org\/{rel}","templated":true}]}}