{"id":394800,"date":"2026-03-08T04:59:11","date_gmt":"2026-03-08T03:59:11","guid":{"rendered":"https:\/\/grupotextil.es\/producto\/camisa-popelin-manga-corta-hombre\/"},"modified":"2026-03-08T04:59:11","modified_gmt":"2026-03-08T03:59:11","slug":"camisa-popelin-manga-corta-hombre","status":"publish","type":"product","link":"https:\/\/grupotextil.es\/ca\/product\/camisa-popelin-manga-corta-hombre\/","title":{"rendered":"Shirt popelin manga corta hombre"},"content":{"rendered":"<ul>\n<li>110-115 g\/m\u00b2<\/li>\n<li>65% poli\u00e9ster, 35% algod\u00f3n (popelin)<\/li>\n<li>Corte moderno con cuello reforzado<\/li>\n<li>Canes\u00fa con dise\u00f1o actual<\/li>\n<li>Botones a juego<\/li>\n<li>Mangas con doble dobladillo<\/li>\n<li>Corte ajustado<\/li>\n<li>Dobladillo redondeado<\/li>\n<li>Botones de repuesto<\/li>\n<li>F\u00e1cil cuidado<\/li>\n<\/ul>","protected":false},"excerpt":{"rendered":"<p>110-115 g\/m\u00b265% poli\u00e9ster, 35% algod\u00f3n (popelin)Corte moderno con cuello reforzadoCanes\u00fa con dise\u00f1o actualBotones a juegoMangas con doble dobladilloCorte ajustadoDobladillo redondeadoBotones de repues<\/p>","protected":false},"featured_media":425082,"comment_status":"open","ping_status":"closed","template":"","meta":{"_acf_changed":false},"product_brand":[11670],"product_cat":[13938],"product_tag":[],"class_list":{"0":"post-394800","1":"product","2":"type-product","3":"status-publish","4":"has-post-thumbnail","6":"product_brand-russell-europe","7":"product_cat-camisas-corporativas","8":"tm-no-options","10":"first","11":"instock","12":"taxable","13":"shipping-taxable","14":"product-type-variable"},"acf":[],"_links":{"self":[{"href":"https:\/\/grupotextil.es\/ca\/wp-json\/wp\/v2\/product\/394800","targetHints":{"allow":["GET"]}}],"collection":[{"href":"https:\/\/grupotextil.es\/ca\/wp-json\/wp\/v2\/product"}],"about":[{"href":"https:\/\/grupotextil.es\/ca\/wp-json\/wp\/v2\/types\/product"}],"replies":[{"embeddable":true,"href":"https:\/\/grupotextil.es\/ca\/wp-json\/wp\/v2\/comments?post=394800"}],"wp:featuredmedia":[{"embeddable":true,"href":"https:\/\/grupotextil.es\/ca\/wp-json\/wp\/v2\/media\/425082"}],"wp:attachment":[{"href":"https:\/\/grupotextil.es\/ca\/wp-json\/wp\/v2\/media?parent=394800"}],"wp:term":[{"taxonomy":"product_brand","embeddable":true,"href":"https:\/\/grupotextil.es\/ca\/wp-json\/wp\/v2\/product_brand?post=394800"},{"taxonomy":"product_cat","embeddable":true,"href":"https:\/\/grupotextil.es\/ca\/wp-json\/wp\/v2\/product_cat?post=394800"},{"taxonomy":"product_tag","embeddable":true,"href":"https:\/\/grupotextil.es\/ca\/wp-json\/wp\/v2\/product_tag?post=394800"}],"curies":[{"name":"wp","href":"https:\/\/api.w.org\/{rel}","templated":true}]}}