{"id":394902,"date":"2026-03-08T04:59:16","date_gmt":"2026-03-08T03:59:16","guid":{"rendered":"https:\/\/grupotextil.es\/producto\/camisa-cuello-ingles-ajustada-1-1-business\/"},"modified":"2026-03-08T04:59:16","modified_gmt":"2026-03-08T03:59:16","slug":"camisa-cuello-ingles-ajustada-1-1-business","status":"publish","type":"product","link":"https:\/\/grupotextil.es\/ca\/product\/camisa-cuello-ingles-ajustada-1-1-business\/","title":{"rendered":"Camisa cuello ingl\u00e9s ajustada 1\/1 Business"},"content":{"rendered":"<ul>\n<li>220 g\/m\u00b2<\/li>\n<li>100% algod\u00f3n<\/li>\n<li>Cuello ingl\u00e9s (Kent)<\/li>\n<li>No necesita planchado<\/li>\n<li>Pu\u00f1os ajustables<\/li>\n<li>Camisa ajustada<\/li>\n<li>Lavable hasta 40 \u00b0 C<\/li>\n<\/ul>","protected":false},"excerpt":{"rendered":"<p>220 g\/m\u00b2100% algod\u00f3nCuello ingl\u00e9s (Kent)No necesita planchadoPu\u00f1os ajustablesCamisa ajustadaLavable hasta 40 \u00b0 C<\/p>","protected":false},"featured_media":425116,"comment_status":"open","ping_status":"closed","template":"","meta":{"_acf_changed":false},"product_brand":[11682],"product_cat":[13938],"product_tag":[],"class_list":{"0":"post-394902","1":"product","2":"type-product","3":"status-publish","4":"has-post-thumbnail","6":"product_brand-seidensticker","7":"product_cat-camisas-corporativas","8":"tm-no-options","10":"first","11":"instock","12":"taxable","13":"shipping-taxable","14":"product-type-variable"},"acf":[],"_links":{"self":[{"href":"https:\/\/grupotextil.es\/ca\/wp-json\/wp\/v2\/product\/394902","targetHints":{"allow":["GET"]}}],"collection":[{"href":"https:\/\/grupotextil.es\/ca\/wp-json\/wp\/v2\/product"}],"about":[{"href":"https:\/\/grupotextil.es\/ca\/wp-json\/wp\/v2\/types\/product"}],"replies":[{"embeddable":true,"href":"https:\/\/grupotextil.es\/ca\/wp-json\/wp\/v2\/comments?post=394902"}],"wp:featuredmedia":[{"embeddable":true,"href":"https:\/\/grupotextil.es\/ca\/wp-json\/wp\/v2\/media\/425116"}],"wp:attachment":[{"href":"https:\/\/grupotextil.es\/ca\/wp-json\/wp\/v2\/media?parent=394902"}],"wp:term":[{"taxonomy":"product_brand","embeddable":true,"href":"https:\/\/grupotextil.es\/ca\/wp-json\/wp\/v2\/product_brand?post=394902"},{"taxonomy":"product_cat","embeddable":true,"href":"https:\/\/grupotextil.es\/ca\/wp-json\/wp\/v2\/product_cat?post=394902"},{"taxonomy":"product_tag","embeddable":true,"href":"https:\/\/grupotextil.es\/ca\/wp-json\/wp\/v2\/product_tag?post=394902"}],"curies":[{"name":"wp","href":"https:\/\/api.w.org\/{rel}","templated":true}]}}