{"id":394961,"date":"2026-03-08T04:59:19","date_gmt":"2026-03-08T03:59:19","guid":{"rendered":"https:\/\/grupotextil.es\/producto\/camisa-oxford-workwear-hombre-classic-fit\/"},"modified":"2026-03-08T04:59:19","modified_gmt":"2026-03-08T03:59:19","slug":"camisa-oxford-workwear-hombre-classic-fit","status":"publish","type":"product","link":"https:\/\/grupotextil.es\/ca\/product\/camisa-oxford-workwear-hombre-classic-fit\/","title":{"rendered":"Shirt Oxford Workwear hombre cl\u00e1sica Fit"},"content":{"rendered":"<ul>\n<li>135 g\/m\u00b2<\/li>\n<li>70% algod\u00f3n, 30% poli\u00e9ster<\/li>\n<li>Camisa manga larga con bot\u00f3n para sujetar el cuello a la camisa<\/li>\n<li>Canes\u00fa en la espalda con dos pliegues invertidos<\/li>\n<li>Bolsillo de parche en el pecho izquierdo<\/li>\n<li>Pu\u00f1os redondeados<\/li>\n<li>Dobladillo redondeado<\/li>\n<\/ul>","protected":false},"excerpt":{"rendered":"<p>135 g\/m\u00b270% algod\u00f3n, 30% poli\u00e9sterCamisa manga larga con bot\u00f3n para sujetar el cuello a la camisaCanes\u00fa en la espalda con dos pliegues invertidosBolsillo de parche en el pecho izquierdoPu\u00f1os redondead<\/p>","protected":false},"featured_media":425130,"comment_status":"open","ping_status":"closed","template":"","meta":{"_acf_changed":false},"product_brand":[11672],"product_cat":[13938],"product_tag":[],"class_list":{"0":"post-394961","1":"product","2":"type-product","3":"status-publish","4":"has-post-thumbnail","6":"product_brand-kustom-kit","7":"product_cat-camisas-corporativas","8":"tm-no-options","10":"first","11":"instock","12":"taxable","13":"shipping-taxable","14":"product-type-variable"},"acf":[],"_links":{"self":[{"href":"https:\/\/grupotextil.es\/ca\/wp-json\/wp\/v2\/product\/394961","targetHints":{"allow":["GET"]}}],"collection":[{"href":"https:\/\/grupotextil.es\/ca\/wp-json\/wp\/v2\/product"}],"about":[{"href":"https:\/\/grupotextil.es\/ca\/wp-json\/wp\/v2\/types\/product"}],"replies":[{"embeddable":true,"href":"https:\/\/grupotextil.es\/ca\/wp-json\/wp\/v2\/comments?post=394961"}],"wp:featuredmedia":[{"embeddable":true,"href":"https:\/\/grupotextil.es\/ca\/wp-json\/wp\/v2\/media\/425130"}],"wp:attachment":[{"href":"https:\/\/grupotextil.es\/ca\/wp-json\/wp\/v2\/media?parent=394961"}],"wp:term":[{"taxonomy":"product_brand","embeddable":true,"href":"https:\/\/grupotextil.es\/ca\/wp-json\/wp\/v2\/product_brand?post=394961"},{"taxonomy":"product_cat","embeddable":true,"href":"https:\/\/grupotextil.es\/ca\/wp-json\/wp\/v2\/product_cat?post=394961"},{"taxonomy":"product_tag","embeddable":true,"href":"https:\/\/grupotextil.es\/ca\/wp-json\/wp\/v2\/product_tag?post=394961"}],"curies":[{"name":"wp","href":"https:\/\/api.w.org\/{rel}","templated":true}]}}