{"id":394987,"date":"2026-03-08T04:59:20","date_gmt":"2026-03-08T03:59:20","guid":{"rendered":"https:\/\/grupotextil.es\/producto\/camisa-popelin-manga-larga-hombre\/"},"modified":"2026-03-08T04:59:20","modified_gmt":"2026-03-08T03:59:20","slug":"camisa-popelin-manga-larga-hombre","status":"publish","type":"product","link":"https:\/\/grupotextil.es\/ca\/product\/camisa-popelin-manga-larga-hombre\/","title":{"rendered":"Shirt popelin manga larga hombre"},"content":{"rendered":"<ul>\n<li>125 g\/m\u00b2 (White:120 g\/m\u00b2)<\/li>\n<li>100% algod\u00f3n<\/li>\n<li>Manga larga<\/li>\n<li>Cuello cl\u00e1sico reforzado<\/li>\n<li>Botones a juego<\/li>\n<li>Canes\u00fa en la espalda con dos plieges laterales<\/li>\n<li>Bolsillo en forma de V sobre el pecho izquierdo<\/li>\n<li>Pu\u00f1os ajustables de 2 botones<\/li>\n<li>Corte cl\u00e1sico<\/li>\n<li>Bajo recto<\/li>\n<li>Botones de repuesto<\/li>\n<li>F\u00e1cil cuidado<\/li>\n<\/ul>","protected":false},"excerpt":{"rendered":"<p>125 g\/m\u00b2 (White:120 g\/m\u00b2)100% algod\u00f3nManga largaCuello cl\u00e1sico reforzadoBotones a juegoCanes\u00fa en la espalda con dos plieges lateralesBolsillo en forma de V sobre el pecho izquierdoPu\u00f1os ajustables de<\/p>","protected":false},"featured_media":425139,"comment_status":"open","ping_status":"closed","template":"","meta":{"_acf_changed":false},"product_brand":[11670],"product_cat":[13938],"product_tag":[],"class_list":{"0":"post-394987","1":"product","2":"type-product","3":"status-publish","4":"has-post-thumbnail","6":"product_brand-russell-europe","7":"product_cat-camisas-corporativas","8":"tm-no-options","10":"first","11":"instock","12":"taxable","13":"shipping-taxable","14":"product-type-variable"},"acf":[],"_links":{"self":[{"href":"https:\/\/grupotextil.es\/ca\/wp-json\/wp\/v2\/product\/394987","targetHints":{"allow":["GET"]}}],"collection":[{"href":"https:\/\/grupotextil.es\/ca\/wp-json\/wp\/v2\/product"}],"about":[{"href":"https:\/\/grupotextil.es\/ca\/wp-json\/wp\/v2\/types\/product"}],"replies":[{"embeddable":true,"href":"https:\/\/grupotextil.es\/ca\/wp-json\/wp\/v2\/comments?post=394987"}],"wp:featuredmedia":[{"embeddable":true,"href":"https:\/\/grupotextil.es\/ca\/wp-json\/wp\/v2\/media\/425139"}],"wp:attachment":[{"href":"https:\/\/grupotextil.es\/ca\/wp-json\/wp\/v2\/media?parent=394987"}],"wp:term":[{"taxonomy":"product_brand","embeddable":true,"href":"https:\/\/grupotextil.es\/ca\/wp-json\/wp\/v2\/product_brand?post=394987"},{"taxonomy":"product_cat","embeddable":true,"href":"https:\/\/grupotextil.es\/ca\/wp-json\/wp\/v2\/product_cat?post=394987"},{"taxonomy":"product_tag","embeddable":true,"href":"https:\/\/grupotextil.es\/ca\/wp-json\/wp\/v2\/product_tag?post=394987"}],"curies":[{"name":"wp","href":"https:\/\/api.w.org\/{rel}","templated":true}]}}